{"id":980,"date":"2023-06-16T14:01:12","date_gmt":"2023-06-16T14:01:12","guid":{"rendered":"https:\/\/lienhard-films.com\/?page_id=980"},"modified":"2024-09-02T17:17:02","modified_gmt":"2024-09-02T17:17:02","slug":"press-2","status":"publish","type":"page","link":"https:\/\/lienhard-films.com\/en\/press-2\/","title":{"rendered":"Press"},"content":{"rendered":"\n<h2 class=\"wp-block-heading\" id=\"press_des_feux\">Des feux dans la nuit<\/h2>\n\n\n\n<div class=\"wp-block-columns is-layout-flex wp-container-core-columns-is-layout-9d6595d7 wp-block-columns-is-layout-flex\">\n<div class=\"wp-block-column is-layout-flow wp-block-column-is-layout-flow\">\n<p><\/p>\n\n\n\n<p><a href=\"https:\/\/lienhard-films.com\/wp-content\/uploads\/2023\/09\/Lienhard-DatenfreigabeSteuer2021.pdf\" target=\"_blank\" rel=\"noreferrer noopener\">read more<\/a><\/p>\n\n\n\n<h3 class=\"wp-block-heading\">DNA<\/h3>\n\n\n\n<p>&#8220;De flamboyants feux dans la nuit&#8221; de Verenanda Paladino<\/p>\n\n\n\n<p class=\"h_link\"><a href=\"https:\/\/lienhard-films.com\/wp-content\/uploads\/2023\/07\/DNA-Kopie.pdf\" target=\"_blank\" rel=\"noreferrer noopener\">read more<\/a><\/p>\n\n\n\n<hr class=\"wp-block-separator has-alpha-channel-opacity\"\/>\n\n\n\n<h3 class=\"wp-block-heading\">T\u00e9l\u00e9rama<\/h3>\n\n\n\n<p><\/p>\n\n\n\n<p class=\"h_link\"><a href=\"https:\/\/lienhard-films.com\/wp-content\/uploads\/2023\/07\/DES-FEUX_TELERAMA-Kopie.pdf\" target=\"_blank\" rel=\"noreferrer noopener\">more<\/a><\/p>\n\n\n\n<hr class=\"wp-block-separator has-alpha-channel-opacity\"\/>\n\n\n\n<h3 class=\"wp-block-heading\">Le Dauphin\u00e9<\/h3>\n\n\n\n<p><\/p>\n\n\n\n<p class=\"h_link\"><a href=\"https:\/\/lienhard-films.com\/wp-content\/uploads\/2023\/07\/DES-FEUX_LE-DAUPHINE-LIBERE-Kopie.pdf\" target=\"_blank\" rel=\"noreferrer noopener\">more<\/a><\/p>\n\n\n\n<hr class=\"wp-block-separator has-alpha-channel-opacity\"\/>\n\n\n\n<h3 class=\"wp-block-heading\">Le Progr\u00e8s<\/h3>\n\n\n\n<p><\/p>\n\n\n\n<p class=\"h_link\"><a href=\"https:\/\/lienhard-films.com\/wp-content\/uploads\/2023\/07\/DES-FEUX_LE-PROGRES-Kopie.pdf\" target=\"_blank\" rel=\"noreferrer noopener\">more<\/a><\/p>\n\n\n\n<hr class=\"wp-block-separator has-alpha-channel-opacity\"\/>\n\n\n\n<h3 class=\"wp-block-heading\">Jeune Cin\u00e9ma en ligne directe<\/h3>\n\n\n\n<p class=\"h_link\"><a href=\"https:\/\/www.jeunecinema.fr\/spip.php?article4940\" target=\"_blank\" rel=\"noreferrer noopener\">more<\/a><\/p>\n\n\n\n<hr class=\"wp-block-separator has-alpha-channel-opacity\"\/>\n\n\n\n<h3 class=\"wp-block-heading\">Le Canard enchain\u00e9<\/h3>\n\n\n\n<p><\/p>\n\n\n\n<p class=\"h_link\"><a href=\"https:\/\/lienhard-films.com\/wp-content\/uploads\/2023\/07\/DES-FEUX_LE-CANARD-ENCHAINE-Kopie.pdf\" target=\"_blank\" rel=\"noreferrer noopener\">more<\/a><\/p>\n\n\n\n<hr class=\"wp-block-separator has-alpha-channel-opacity\"\/>\n\n\n\n<h3 class=\"wp-block-heading\">La Vie<\/h3>\n\n\n\n<p><\/p>\n\n\n\n<p class=\"h_link\"><a href=\"https:\/\/lienhard-films.com\/wp-content\/uploads\/2023\/07\/DES-FEUX_LA-VIE-Kopie.pdf\" target=\"_blank\" rel=\"noreferrer noopener\">more<\/a><\/p>\n\n\n\n<hr class=\"wp-block-separator has-alpha-channel-opacity\"\/>\n\n\n\n<h3 class=\"wp-block-heading\">Les Chroniques de Cliffhanger &amp; Co<\/h3>\n\n\n\n<p>&#8220;Tr\u00e8s bien&#8221;<\/p>\n\n\n\n<p class=\"h_link\"><a href=\"https:\/\/leschroniquesdecliffhanger.com\/\">Les Chroniques de Cliffhanger &amp; Co<\/a><\/p>\n\n\n\n<hr class=\"wp-block-separator has-alpha-channel-opacity\"\/>\n\n\n\n<h3 class=\"wp-block-heading\">Sens critique<\/h3>\n\n\n\n<p>&#8220;Lorsque la p\u00eache est bonne&#8221;<\/p>\n\n\n\n<p class=\"h_link\"><a href=\"https:\/\/www.senscritique.com\/film\/des_feux_dans_la_nuit\/critique\/273390988\" target=\"_blank\" rel=\"noreferrer noopener\">more<\/a><\/p>\n\n\n\n<hr class=\"wp-block-separator has-alpha-channel-opacity\"\/>\n<\/div>\n\n\n\n<div class=\"wp-block-column is-layout-flow wp-block-column-is-layout-flow\">\n<h3 class=\"wp-block-heading\">Riverrun Film Festival<\/h3>\n\n\n\n<p>The jury for the Re: Vision Independent Feature Competition finished their deliberations on Sunday and I\u2019m happy to report to you that at the end of the process they decided to recognize FIRES IN THE DARK with the <strong>awards of Best Film, Best Director, and Best Screenplay in the category!<\/strong><\/p>\n\n\n\n<p class=\"h_link\"><a href=\"https:\/\/lienhard-films.com\/wp-content\/uploads\/2023\/07\/Riverrun-Film-Festival-Kopie.pdf\" target=\"_blank\" rel=\"noreferrer noopener\">Their direct statements were<\/a><\/p>\n\n\n\n<hr class=\"wp-block-separator has-alpha-channel-opacity\"\/>\n\n\n\n<h3 class=\"wp-block-heading\">Corse Matin<\/h3>\n\n\n\n<p class=\"h_link\"><a href=\"https:\/\/lienhard-films.com\/wp-content\/uploads\/2023\/07\/DES-FEUX_CORSE-MATIN-Kopie.pdf\" target=\"_blank\" rel=\"noreferrer noopener\">more<\/a><\/p>\n\n\n\n<hr class=\"wp-block-separator has-alpha-channel-opacity\"\/>\n\n\n\n<h3 class=\"wp-block-heading\">Parole de Corse<\/h3>\n\n\n\n<p>&#8220;La Corse: filon d&#8217;or et d\u00e9cor pour le cinema&#8221; par Diana Saliceti<\/p>\n\n\n\n<p class=\"h_link\"><a href=\"https:\/\/lienhard-films.com\/wp-content\/uploads\/2023\/07\/Paroles-de-Corse-Kopie.pdf\" target=\"_blank\" rel=\"noreferrer noopener\">more<\/a><\/p>\n\n\n\n<hr class=\"wp-block-separator has-alpha-channel-opacity\"\/>\n\n\n\n<h3 class=\"wp-block-heading\">IMDB Review<\/h3>\n\n\n\n<p><\/p>\n\n\n\n<p>&#8220;One of the best Indie films I have seen&#8221; <\/p>\n\n\n\n<p>by jackoabsalom<\/p>\n\n\n\n<p>Des feux dans la nuit<\/p>\n\n\n\n<p class=\"h_link\"><a href=\"https:\/\/www.imdb.com\/title\/tt11058214\/reviews\/?ref_=tt_ql_urv\" target=\"_blank\" rel=\"noreferrer noopener\">more<\/a><\/p>\n\n\n\n<hr class=\"wp-block-separator has-alpha-channel-opacity\"\/>\n\n\n\n<h3 class=\"wp-block-heading\">Taxi Drivers (auf italienisch)<\/h3>\n\n\n\n<p>ROME INDEPENDENT FILM FESTIVAL<\/p>\n\n\n\n<p>#RIFF Fires in the dark di Dominique Lienhard<\/p>\n\n\n\n<p>&#8220;Presentato al Rome Independent Film Festival 2020, Fires in the dark di Dominique Lienhard narra le vicende del giovane Alan, abitante di un villaggio isolato nel tardo diciassettesimo secolo&#8230; &#8221; <\/p>\n\n\n\n<p class=\"h_link\"><a href=\"https:\/\/www.taxidrivers.it\/155559\/review\/recensioni-film-visti-ai-festival\/riff-fires-in-the-dark-di-dominique-lienhard.html\" target=\"_blank\" rel=\"noreferrer noopener\">more<\/a><\/p>\n<\/div>\n<\/div>\n\n\n\n<hr class=\"wp-block-separator has-alpha-channel-opacity\"\/>\n\n\n\n<div style=\"height:30px\" aria-hidden=\"true\" class=\"wp-block-spacer\"><\/div>\n\n\n\n<h2 class=\"wp-block-heading\" id=\"press_muetter\">M\u00fcetter<\/h2>\n\n\n\n<div class=\"wp-block-columns is-layout-flex wp-container-core-columns-is-layout-9d6595d7 wp-block-columns-is-layout-flex\">\n<div class=\"wp-block-column is-layout-flow wp-block-column-is-layout-flow\">\n<h3 class=\"wp-block-heading\">Elle cin\u00e9ma | 9.1.2006<\/h3>\n\n\n\n<figure class=\"wp-block-image size-medium\"><a href=\"https:\/\/lienhard-films.com\/wp-content\/uploads\/2023\/07\/elle_cinema_912006.jpg\"><img decoding=\"async\" width=\"224\" height=\"300\" src=\"https:\/\/lienhard-films.com\/wp-content\/uploads\/2023\/07\/elle_cinema_912006-224x300.jpg\" alt=\"\" class=\"wp-image-365\" srcset=\"https:\/\/lienhard-films.com\/wp-content\/uploads\/2023\/07\/elle_cinema_912006-224x300.jpg 224w, https:\/\/lienhard-films.com\/wp-content\/uploads\/2023\/07\/elle_cinema_912006-766x1024.jpg 766w, https:\/\/lienhard-films.com\/wp-content\/uploads\/2023\/07\/elle_cinema_912006-768x1027.jpg 768w, https:\/\/lienhard-films.com\/wp-content\/uploads\/2023\/07\/elle_cinema_912006-1149x1536.jpg 1149w, https:\/\/lienhard-films.com\/wp-content\/uploads\/2023\/07\/elle_cinema_912006.jpg 1333w\" sizes=\"(max-width: 224px) 100vw, 224px\" \/><\/a><\/figure>\n\n\n\n<hr class=\"wp-block-separator has-alpha-channel-opacity\"\/>\n\n\n\n<h3 class=\"wp-block-heading\">L&#8217;Humanit\u00e9 | 11.1.2006<\/h3>\n\n\n\n<figure class=\"wp-block-image size-medium\"><a href=\"https:\/\/lienhard-films.com\/wp-content\/uploads\/2023\/07\/Muetter_lhumanite.jpg\"><img decoding=\"async\" width=\"300\" height=\"178\" src=\"https:\/\/lienhard-films.com\/wp-content\/uploads\/2023\/07\/Muetter_lhumanite-300x178.jpg\" alt=\"\" class=\"wp-image-376\" srcset=\"https:\/\/lienhard-films.com\/wp-content\/uploads\/2023\/07\/Muetter_lhumanite-300x178.jpg 300w, https:\/\/lienhard-films.com\/wp-content\/uploads\/2023\/07\/Muetter_lhumanite.jpg 652w\" sizes=\"(max-width: 300px) 100vw, 300px\" \/><\/a><\/figure>\n\n\n\n<hr class=\"wp-block-separator has-alpha-channel-opacity\"\/>\n\n\n\n<h3 class=\"wp-block-heading\">Derni\u00e8res Nouvelles D\u2019Alsace<\/h3>\n\n\n\n<figure class=\"wp-block-image size-medium\"><a href=\"https:\/\/lienhard-films.com\/wp-content\/uploads\/2023\/07\/Muetter-Dernieres-Nouvelles-DAlsace.jpg\"><img decoding=\"async\" width=\"300\" height=\"213\" src=\"https:\/\/lienhard-films.com\/wp-content\/uploads\/2023\/07\/Muetter-Dernieres-Nouvelles-DAlsace-300x213.jpg\" alt=\"\" class=\"wp-image-372\" srcset=\"https:\/\/lienhard-films.com\/wp-content\/uploads\/2023\/07\/Muetter-Dernieres-Nouvelles-DAlsace-300x213.jpg 300w, https:\/\/lienhard-films.com\/wp-content\/uploads\/2023\/07\/Muetter-Dernieres-Nouvelles-DAlsace.jpg 460w\" sizes=\"(max-width: 300px) 100vw, 300px\" \/><\/a><\/figure>\n\n\n\n<hr class=\"wp-block-separator has-alpha-channel-opacity\"\/>\n\n\n\n<h3 class=\"wp-block-heading\">L&#8217;Humanit\u00e9 | 11.1.2006 english<\/h3>\n\n\n\n<figure class=\"wp-block-image size-medium\"><a href=\"https:\/\/lienhard-films.com\/wp-content\/uploads\/2023\/07\/Muetter-Humanite-English.jpg\"><img decoding=\"async\" width=\"241\" height=\"300\" src=\"https:\/\/lienhard-films.com\/wp-content\/uploads\/2023\/07\/Muetter-Humanite-English-241x300.jpg\" alt=\"\" class=\"wp-image-377\" srcset=\"https:\/\/lienhard-films.com\/wp-content\/uploads\/2023\/07\/Muetter-Humanite-English-241x300.jpg 241w, https:\/\/lienhard-films.com\/wp-content\/uploads\/2023\/07\/Muetter-Humanite-English-768x955.jpg 768w, https:\/\/lienhard-films.com\/wp-content\/uploads\/2023\/07\/Muetter-Humanite-English.jpg 800w\" sizes=\"(max-width: 241px) 100vw, 241px\" \/><\/a><\/figure>\n\n\n\n<hr class=\"wp-block-separator has-alpha-channel-opacity\"\/>\n\n\n\n<h3 class=\"wp-block-heading\">New York Times<\/h3>\n\n\n\n<figure class=\"wp-block-image size-medium\"><a href=\"https:\/\/lienhard-films.com\/wp-content\/uploads\/2023\/07\/Muetter-New-York-Times.jpg\"><img decoding=\"async\" width=\"278\" height=\"300\" src=\"https:\/\/lienhard-films.com\/wp-content\/uploads\/2023\/07\/Muetter-New-York-Times-278x300.jpg\" alt=\"\" class=\"wp-image-373\" srcset=\"https:\/\/lienhard-films.com\/wp-content\/uploads\/2023\/07\/Muetter-New-York-Times-278x300.jpg 278w, https:\/\/lienhard-films.com\/wp-content\/uploads\/2023\/07\/Muetter-New-York-Times.jpg 508w\" sizes=\"(max-width: 278px) 100vw, 278px\" \/><\/a><\/figure>\n\n\n\n<hr class=\"wp-block-separator has-alpha-channel-opacity\"\/>\n<\/div>\n\n\n\n<div class=\"wp-block-column is-layout-flow wp-block-column-is-layout-flow\">\n<h3 class=\"wp-block-heading\">Variety<\/h3>\n\n\n\n<figure class=\"wp-block-image size-medium\"><a href=\"https:\/\/lienhard-films.com\/wp-content\/uploads\/2023\/07\/Muetter-VARIETY.jpg\"><img decoding=\"async\" width=\"300\" height=\"270\" src=\"https:\/\/lienhard-films.com\/wp-content\/uploads\/2023\/07\/Muetter-VARIETY-300x270.jpg\" alt=\"\" class=\"wp-image-374\" srcset=\"https:\/\/lienhard-films.com\/wp-content\/uploads\/2023\/07\/Muetter-VARIETY-300x270.jpg 300w, https:\/\/lienhard-films.com\/wp-content\/uploads\/2023\/07\/Muetter-VARIETY.jpg 459w\" sizes=\"(max-width: 300px) 100vw, 300px\" \/><\/a><\/figure>\n\n\n\n<hr class=\"wp-block-separator has-alpha-channel-opacity\"\/>\n\n\n\n<h3 class=\"wp-block-heading\">S\u00fcddeutsche Zeitung | 20.1.2006<\/h3>\n\n\n\n<figure class=\"wp-block-image size-large is-resized\"><a href=\"https:\/\/lienhard-films.com\/wp-content\/uploads\/2023\/07\/SZ_20106_muetter.jpg\"><img decoding=\"async\" width=\"818\" height=\"1024\" src=\"https:\/\/lienhard-films.com\/wp-content\/uploads\/2023\/07\/SZ_20106_muetter-818x1024.jpg\" alt=\"\" class=\"wp-image-378\" style=\"width:300px;height:undefinedpx\" srcset=\"https:\/\/lienhard-films.com\/wp-content\/uploads\/2023\/07\/SZ_20106_muetter-818x1024.jpg 818w, https:\/\/lienhard-films.com\/wp-content\/uploads\/2023\/07\/SZ_20106_muetter-240x300.jpg 240w, https:\/\/lienhard-films.com\/wp-content\/uploads\/2023\/07\/SZ_20106_muetter-768x961.jpg 768w, https:\/\/lienhard-films.com\/wp-content\/uploads\/2023\/07\/SZ_20106_muetter-1228x1536.jpg 1228w, https:\/\/lienhard-films.com\/wp-content\/uploads\/2023\/07\/SZ_20106_muetter.jpg 1624w\" sizes=\"(max-width: 818px) 100vw, 818px\" \/><\/a><\/figure>\n\n\n\n<hr class=\"wp-block-separator has-alpha-channel-opacity\"\/>\n\n\n\n<h3 class=\"wp-block-heading\">Le devoir culture | 18.2.2006<\/h3>\n\n\n\n<figure class=\"wp-block-image size-medium is-resized\"><a href=\"https:\/\/lienhard-films.com\/wp-content\/uploads\/2023\/07\/le_devoir_culture_3182006-scaled.jpg\"><img decoding=\"async\" width=\"225\" height=\"300\" src=\"https:\/\/lienhard-films.com\/wp-content\/uploads\/2023\/07\/le_devoir_culture_3182006-225x300.jpg\" alt=\"\" class=\"wp-image-370\" style=\"width:300px;height:undefinedpx\" srcset=\"https:\/\/lienhard-films.com\/wp-content\/uploads\/2023\/07\/le_devoir_culture_3182006-225x300.jpg 225w, https:\/\/lienhard-films.com\/wp-content\/uploads\/2023\/07\/le_devoir_culture_3182006-767x1024.jpg 767w, https:\/\/lienhard-films.com\/wp-content\/uploads\/2023\/07\/le_devoir_culture_3182006-768x1026.jpg 768w, https:\/\/lienhard-films.com\/wp-content\/uploads\/2023\/07\/le_devoir_culture_3182006-1150x1536.jpg 1150w, https:\/\/lienhard-films.com\/wp-content\/uploads\/2023\/07\/le_devoir_culture_3182006-1533x2048.jpg 1533w, https:\/\/lienhard-films.com\/wp-content\/uploads\/2023\/07\/le_devoir_culture_3182006-scaled.jpg 1916w\" sizes=\"(max-width: 225px) 100vw, 225px\" \/><\/a><\/figure>\n\n\n\n<hr class=\"wp-block-separator has-alpha-channel-opacity\"\/>\n\n\n\n<h3 class=\"wp-block-heading\">Abendzeitung | 19.7.2006<\/h3>\n\n\n\n<figure class=\"wp-block-image size-large is-resized\"><a href=\"https:\/\/lienhard-films.com\/wp-content\/uploads\/2023\/07\/AZ_1972006_muetter.jpg\"><img decoding=\"async\" width=\"873\" height=\"1024\" src=\"https:\/\/lienhard-films.com\/wp-content\/uploads\/2023\/07\/AZ_1972006_muetter-873x1024.jpg\" alt=\"\" class=\"wp-image-362\" style=\"width:300px;height:undefinedpx\" srcset=\"https:\/\/lienhard-films.com\/wp-content\/uploads\/2023\/07\/AZ_1972006_muetter-873x1024.jpg 873w, https:\/\/lienhard-films.com\/wp-content\/uploads\/2023\/07\/AZ_1972006_muetter-256x300.jpg 256w, https:\/\/lienhard-films.com\/wp-content\/uploads\/2023\/07\/AZ_1972006_muetter-768x901.jpg 768w, https:\/\/lienhard-films.com\/wp-content\/uploads\/2023\/07\/AZ_1972006_muetter.jpg 1077w\" sizes=\"(max-width: 873px) 100vw, 873px\" \/><\/a><\/figure>\n<\/div>\n<\/div>\n\n\n\n<hr class=\"wp-block-separator has-alpha-channel-opacity\"\/>\n\n\n\n<div style=\"height:30px\" aria-hidden=\"true\" class=\"wp-block-spacer\"><\/div>\n\n\n\n<h2 class=\"wp-block-heading\" id=\"press_teneriffa\">Teneriffa<\/h2>\n\n\n\n<div class=\"wp-block-columns is-layout-flex wp-container-core-columns-is-layout-9d6595d7 wp-block-columns-is-layout-flex\">\n<div class=\"wp-block-column is-layout-flow wp-block-column-is-layout-flow\">\n<h3 class=\"wp-block-heading\">L`Europe fait dans le divers<\/h3>\n\n\n\n<figure class=\"wp-block-image size-full is-resized\"><a href=\"https:\/\/lienhard-films.com\/wp-content\/uploads\/2023\/07\/europeens.jpg\"><img decoding=\"async\" width=\"858\" height=\"918\" src=\"https:\/\/lienhard-films.com\/wp-content\/uploads\/2023\/07\/europeens.jpg\" alt=\"\" class=\"wp-image-366\" style=\"width:300px;height:undefinedpx\" srcset=\"https:\/\/lienhard-films.com\/wp-content\/uploads\/2023\/07\/europeens.jpg 858w, https:\/\/lienhard-films.com\/wp-content\/uploads\/2023\/07\/europeens-280x300.jpg 280w, https:\/\/lienhard-films.com\/wp-content\/uploads\/2023\/07\/europeens-768x822.jpg 768w\" sizes=\"(max-width: 858px) 100vw, 858px\" \/><\/a><\/figure>\n\n\n\n<hr class=\"wp-block-separator has-alpha-channel-opacity\"\/>\n<\/div>\n\n\n\n<div class=\"wp-block-column is-layout-flow wp-block-column-is-layout-flow\">\n<h3 class=\"wp-block-heading\">Les Europ\u00e9ens<\/h3>\n\n\n\n<figure class=\"wp-block-image size-full is-resized\"><a href=\"https:\/\/lienhard-films.com\/wp-content\/uploads\/2023\/07\/europeens2.jpg\"><img decoding=\"async\" width=\"584\" height=\"859\" src=\"https:\/\/lienhard-films.com\/wp-content\/uploads\/2023\/07\/europeens2.jpg\" alt=\"\" class=\"wp-image-368\" style=\"width:300px;height:undefinedpx\" srcset=\"https:\/\/lienhard-films.com\/wp-content\/uploads\/2023\/07\/europeens2.jpg 584w, https:\/\/lienhard-films.com\/wp-content\/uploads\/2023\/07\/europeens2-204x300.jpg 204w\" sizes=\"(max-width: 584px) 100vw, 584px\" \/><\/a><\/figure>\n<\/div>\n<\/div>\n","protected":false},"excerpt":{"rendered":"<p>Des feux dans la nuit read more DNA &#8220;De flamboyants feux dans la nuit&#8221; de Verenanda Paladino read more T\u00e9l\u00e9rama more Le Dauphin\u00e9 more Le Progr\u00e8s more Jeune Cin\u00e9ma en ligne directe more Le Canard enchain\u00e9 more La Vie more Les Chroniques de Cliffhanger &amp; Co &#8220;Tr\u00e8s bien&#8221; Les Chroniques de Cliffhanger &amp; Co Sens &#8230; <a title=\"Press\" class=\"read-more\" href=\"https:\/\/lienhard-films.com\/en\/press-2\/\" aria-label=\"Read more about Press\">Read more<\/a><\/p>\n","protected":false},"author":1,"featured_media":0,"parent":0,"menu_order":0,"comment_status":"closed","ping_status":"closed","template":"","meta":{"pgc_sgb_lightbox_settings":"","footnotes":""},"class_list":["post-980","page","type-page","status-publish"],"_links":{"self":[{"href":"https:\/\/lienhard-films.com\/en\/wp-json\/wp\/v2\/pages\/980","targetHints":{"allow":["GET"]}}],"collection":[{"href":"https:\/\/lienhard-films.com\/en\/wp-json\/wp\/v2\/pages"}],"about":[{"href":"https:\/\/lienhard-films.com\/en\/wp-json\/wp\/v2\/types\/page"}],"author":[{"embeddable":true,"href":"https:\/\/lienhard-films.com\/en\/wp-json\/wp\/v2\/users\/1"}],"replies":[{"embeddable":true,"href":"https:\/\/lienhard-films.com\/en\/wp-json\/wp\/v2\/comments?post=980"}],"version-history":[{"count":3,"href":"https:\/\/lienhard-films.com\/en\/wp-json\/wp\/v2\/pages\/980\/revisions"}],"predecessor-version":[{"id":1047,"href":"https:\/\/lienhard-films.com\/en\/wp-json\/wp\/v2\/pages\/980\/revisions\/1047"}],"wp:attachment":[{"href":"https:\/\/lienhard-films.com\/en\/wp-json\/wp\/v2\/media?parent=980"}],"curies":[{"name":"wp","href":"https:\/\/api.w.org\/{rel}","templated":true}]}}