{"id":565,"date":"2023-06-16T14:00:19","date_gmt":"2023-06-16T14:00:19","guid":{"rendered":"http:\/\/2023.lienhard-films.com\/?page_id=15"},"modified":"2024-09-02T16:30:58","modified_gmt":"2024-09-02T16:30:58","slug":"filme","status":"publish","type":"page","link":"https:\/\/lienhard-films.com\/en\/filme\/","title":{"rendered":"Movies"},"content":{"rendered":"\n<div class=\"wp-block-columns wp-embed-aspect-4-3 wp-has-aspect-ratio is-layout-flex wp-container-core-columns-is-layout-9d6595d7 wp-block-columns-is-layout-flex\">\n<div class=\"wp-block-column is-layout-flow wp-block-column-is-layout-flow\" style=\"flex-basis:30%\">\n<figure class=\"wp-block-image size-large\"><img decoding=\"async\" width=\"722\" height=\"1024\" src=\"https:\/\/lienhard-films.com\/wp-content\/uploads\/2023\/07\/Film_Fires_in_the_dark_web-722x1024.jpg\" alt=\"\" class=\"wp-image-243\" srcset=\"https:\/\/lienhard-films.com\/wp-content\/uploads\/2023\/07\/Film_Fires_in_the_dark_web-722x1024.jpg 722w, https:\/\/lienhard-films.com\/wp-content\/uploads\/2023\/07\/Film_Fires_in_the_dark_web-211x300.jpg 211w, https:\/\/lienhard-films.com\/wp-content\/uploads\/2023\/07\/Film_Fires_in_the_dark_web-768x1090.jpg 768w, https:\/\/lienhard-films.com\/wp-content\/uploads\/2023\/07\/Film_Fires_in_the_dark_web.jpg 1000w\" sizes=\"(max-width: 722px) 100vw, 722px\" \/><figcaption class=\"wp-element-caption\">Feature Film, 2020<br>Written by Dominique Lienhard<br>Production: OFFSHORE <a rel=\"noreferrer noopener\" href=\"http:\/\/www.offshore.fr\" target=\"_blank\">www.offshore.fr<\/a><\/figcaption><\/figure>\n<\/div>\n\n\n\n<div class=\"wp-block-column is-layout-flow wp-block-column-is-layout-flow\" style=\"flex-basis:70%\">\n<h2 class=\"wp-block-heading\" id=\"fires\">FIRES IN THE DARK<\/h2>\n\n\n\n<p>Set in a small village, nestled between the sea and the mountain, the father of Alan, a young fifteen-year-old boy, has out of poverty sold himself for two years to indentured service. Alan is forced to take the place of his father and struggles to support his family. He discovers a strange ceremony: the villagers light fires under the pretence that they are boiling the salt out of water, that is then used to barter. But he soon realises the real reason behind the fires: they are used to lure ships onto the rocks where they will crash and sink. One night, such a shipwreck occurs. A divine manna?<\/p>\n\n\n\n<p>Support: CNC &#8220;Aide avant r\u00e9alisation&#8221; February 2017,&nbsp; Region Corse<\/p>\n\n\n\n<p><strong>Cast:<\/strong> Igor Van Dessel, Ana Girardot, Oph\u00e9lie Bau, J\u00e9r\u00e9mie Elkaim, Tom Rivoire, Louna Espinosa, Virgil Amadei, Manon Chammah<\/p>\n<\/div>\n<\/div>\n\n\n\n<h3 class=\"wp-block-heading\">Festivals<\/h3>\n\n\n\n<ul type=\"video\" class=\"wp-embed-aspect-4-3 wp-has-aspect-ratio wp-block-list\">\n<li>Rome Independent Film Festival (Italy)<\/li>\n\n\n\n<li>Jaipur International Film Festival (India),<\/li>\n\n\n\n<li>Vesuvius International Film Festival (Italy),<\/li>\n\n\n\n<li>ARFF Berlin (Germany),<\/li>\n\n\n\n<li>Sochi Film Festival (Russia),<\/li>\n\n\n\n<li>Anatolia Internation Film Festival (Turkey),<\/li>\n\n\n\n<li>European Cinema Festival (Spain),<\/li>\n\n\n\n<li>Montreal Independent Film Festival (Canada),<\/li>\n\n\n\n<li>New Dehli International Film Festival (India),<\/li>\n\n\n\n<li>Boden International Film Festival (Sweden),<\/li>\n\n\n\n<li>Julien Dubuque International Film Festival (USA),<\/li>\n\n\n\n<li>Riverrun International Film Festival (USA),<\/li>\n\n\n\n<li>JEONJU International Film Festival (Corea),<\/li>\n\n\n\n<li>Phoenix Film Festival (USA),<\/li>\n\n\n\n<li>Buenos Aires IFF (Argentinien),<\/li>\n\n\n\n<li>British Independent Film Festival (GB),<\/li>\n\n\n\n<li>Breck IFF (USA),<\/li>\n\n\n\n<li>Chichester IFF&nbsp;(GB),<\/li>\n\n\n\n<li>F\u00fcnf Seen Film Festival, Starnberg (Deutschland),<\/li>\n\n\n\n<li>Filmfestival Kitzb\u00fchel (\u00d6sterreich),<\/li>\n\n\n\n<li>International Thai Film Festival (Thailand),<\/li>\n\n\n\n<li>Jane Austen Film Festival (GB),<\/li>\n\n\n\n<li>Footcandle IFF&nbsp;(USA),<\/li>\n\n\n\n<li>ARFF Amsterdam (Niederland),<\/li>\n\n\n\n<li>Marbella (Spain),<\/li>\n\n\n\n<li>Tuckson (USA),<\/li>\n\n\n\n<li>Rising Sun IFF (Japan),<\/li>\n\n\n\n<li>Napa Valey (USA),<\/li>\n\n\n\n<li>AFIN IFF (Australien),<\/li>\n\n\n\n<li>Tiburon (USA),<\/li>\n\n\n\n<li>Las Vegas Interanational Film and Screenplay Festival (USA),<\/li>\n\n\n\n<li>Antwerp IFF (Belgien),<\/li>\n\n\n\n<li>Fic Author &#8211; Guadalajara (Mexico),<\/li>\n\n\n\n<li>Beaufort IFF (USA),<\/li>\n\n\n\n<li>Sevilla Indie FF (Spanien),<\/li>\n\n\n\n<li>Richmond IFF (USA)<\/li>\n\n\n\n<li>Silicon Valley IFF&nbsp;(USA),<\/li>\n\n\n\n<li>Beyond Hollywood IFF (USA)<\/li>\n<\/ul>\n\n\n\n<h3 class=\"wp-block-heading\">Awards<\/h3>\n\n\n\n<ul class=\"wp-block-list\">\n<li>Best Costum Design, Best Make-up (Jaipur IFF)<\/li>\n\n\n\n<li>Best Features Film Covid19, Best Actress (Ana Girardot) (Vesuvius IFF),<\/li>\n\n\n\n<li>Best Feature Film (January) ( ARFF Berlin),<\/li>\n\n\n\n<li>Best Costum Design (Anatolia IFF),<\/li>\n\n\n\n<li>Best Feature Film (European Cinema Festival),<\/li>\n\n\n\n<li>Honorable Mention for Direction (Montreal IFF),<\/li>\n\n\n\n<li>Best Costum Film, Best Make-up, Best European Film, Best Children&#8217;s Film (New Dehli IFF),<\/li>\n\n\n\n<li>Best Feature Film, Best director, Best Actor (Igor Van Dessel), Best Actress (Ana Girardot) (Boden IFF)<\/li>\n\n\n\n<li>Best Film, Best Director, Best Screenplay (Riverrun IFF),<\/li>\n\n\n\n<li>Best Actress (Ana Girardot) (Buenos Aires IFF),<\/li>\n\n\n\n<li>Milstone Award (Best Photographie) (British Independent FF),<\/li>\n\n\n\n<li>Best Actor (Igor Van Dessel (Breck IFF),<\/li>\n\n\n\n<li>Best Film, Best Director (Phoenix),<\/li>\n\n\n\n<li>Best Film (Int. Thai FF),<\/li>\n\n\n\n<li>Best Film, Best Actor (Igor Van Dessel) (Jane Austen FF),<\/li>\n\n\n\n<li>Best Film (Footcandle),<\/li>\n\n\n\n<li>Honorable Meniton (ARFF Amsterdam),<\/li>\n\n\n\n<li>Best International Feature Film, Best Costum, Best Editing, Best Director, Best Film (Las Vegas International Film and Screenplay Festival),<\/li>\n\n\n\n<li>Best Film (Antwerp),<\/li>\n\n\n\n<li>Silver Award for Best Feature, Best Director, Best Actor (Igor van Dessel), Best Actress (Ana Girardot) (Sevilla Indie FF)<\/li>\n<\/ul>\n\n\n\n<h3 class=\"wp-block-heading\">Trailer<\/h3>\n\n\n\n<figure class=\"wp-block-embed is-type-video is-provider-youtube wp-block-embed-youtube wp-embed-aspect-16-9 wp-has-aspect-ratio\"><div class=\"wp-block-embed__wrapper\">\n<iframe loading=\"lazy\" title=\"Fires in the Dark - Rome Independent Film Festival - RIFF Awards\" width=\"1200\" height=\"675\" src=\"https:\/\/www.youtube.com\/embed\/U6KRn7Y4K74?feature=oembed\" frameborder=\"0\" allow=\"accelerometer; autoplay; clipboard-write; encrypted-media; gyroscope; picture-in-picture; web-share\" allowfullscreen><\/iframe>\n<\/div><\/figure>\n\n\n\n<h3 class=\"wp-block-heading\">Interviews<\/h3>\n\n\n\n<p>1) Video: From Ana Girardot (french)\u00a0: <a rel=\"noreferrer noopener\" href=\"https:\/\/www.youtube.com\/watch?v=4Z96eZGDMyo\" target=\"_blank\">https:\/\/www.youtube.com\/watch?v=4Z96eZGDMyo<\/a><\/p>\n\n\n\n<p>2) Video from Dominique Lienhard:<\/p>\n\n\n\n<figure class=\"wp-block-embed is-type-video is-provider-youtube wp-block-embed-youtube wp-embed-aspect-16-9 wp-has-aspect-ratio\"><div class=\"wp-block-embed__wrapper\">\n<iframe loading=\"lazy\" title=\"\uc5b4\ub460 \uc18d\uc758 \ube5b Fires in the Dark | \uac10\ub3c5 \ub3c4\ubbf8\ub2c8\ud06c \ub9ac\uc5d0\ub098\ub974 Dominique LIENHARD | 22nd JEONJU IFF DIRECTOR&#039;S CLIP\" width=\"1200\" height=\"675\" src=\"https:\/\/www.youtube.com\/embed\/j94ZqtT78Zw?feature=oembed\" frameborder=\"0\" allow=\"accelerometer; autoplay; clipboard-write; encrypted-media; gyroscope; picture-in-picture; web-share\" allowfullscreen><\/iframe>\n<\/div><\/figure>\n\n\n\n<p>3) orange.fr<\/p>\n\n\n\n<p><a href=\"https:\/\/actu.orange.fr\/societe\/videos\/cinema-entretien-avec-dominique-lienhard-realisateur-du-film-des-feux-dans-la-nuit-CNT000001RY45a.html\" target=\"_blank\" rel=\"noreferrer noopener\">https:\/\/actu.orange.fr\/societe\/videos\/cinema-entretien-avec-dominique-lienhard-realisateur-du-film-des-feux-dans-la-nuit-CNT000001RY45a.html<\/a><\/p>\n\n\n\n<hr class=\"wp-block-separator has-alpha-channel-opacity\" id=\"film_muetter\"\/>\n\n\n\n<div style=\"height:1em\" aria-hidden=\"true\" class=\"wp-block-spacer\"><\/div>\n\n\n\n<div class=\"wp-block-columns is-layout-flex wp-container-core-columns-is-layout-9d6595d7 wp-block-columns-is-layout-flex\">\n<div class=\"wp-block-column is-layout-flow wp-block-column-is-layout-flow\" style=\"flex-basis:30%\">\n<figure class=\"wp-block-image size-full\"><img decoding=\"async\" width=\"1000\" height=\"1333\" src=\"https:\/\/lienhard-films.com\/wp-content\/uploads\/2023\/07\/FIlm_Muetter.jpg\" alt=\"M\u00fcetter. Un film de Dominique LIENHARD\" class=\"wp-image-234\" srcset=\"https:\/\/lienhard-films.com\/wp-content\/uploads\/2023\/07\/FIlm_Muetter.jpg 1000w, https:\/\/lienhard-films.com\/wp-content\/uploads\/2023\/07\/FIlm_Muetter-225x300.jpg 225w, https:\/\/lienhard-films.com\/wp-content\/uploads\/2023\/07\/FIlm_Muetter-768x1024.jpg 768w\" sizes=\"(max-width: 1000px) 100vw, 1000px\" \/><figcaption class=\"wp-element-caption\">Film <strong>M\u00fcetter<\/strong><br>Script &amp; Direction: Dominique Lienhard<\/figcaption><\/figure>\n<\/div>\n\n\n\n<div class=\"wp-block-column is-layout-flow wp-block-column-is-layout-flow\" style=\"flex-basis:70%\">\n<h2 class=\"wp-block-heading\" id=\"film_muetter\">M\u00dcETTER<\/h2>\n\n\n\n<p>Alerted by the fact that his grandmother, whom everyone calls \u201cM\u00fcetter\u201d is declining, St\u00e9phane drives to her village in the night. He finds sweet 24-year-old Marguerite, a pregnant neighbour, selflessly tending to M\u00fcetter. Upset that the local physicuan has simply prescribed morphine, St\u00e9phane tries to help, amongst others by getting another physician and preparing a feast in M\u00fcetter\u2019s honour. His older cousin Mathieu has mixed feelings upon seeing him. Bits of everyone\u2019s past emerge as does a certain wisdom about what can and can\u2019t be changed. Formally composed visuals score pleasingly, omitting what could have been depressing. M\u00fcetter\u2019s face is never seen until shortly before the pic\u2019s conclusion \u2013 Lisa Nesselson, <a href=\"http:\/\/www.variety-com\" target=\"_blank\" rel=\"noreferrer noopener\">www.variety-com<\/a>, Feb. 20, 2006<\/p>\n\n\n\n<p><strong>Cast: <\/strong>Stanislas Merhar, Sophie Quinton, Aur\u00e9lien Recoing, Agathe de La Boulaye, Andr\u00e9e Meyer-Benjamin<\/p>\n<\/div>\n<\/div>\n\n\n\n<ul class=\"wp-block-list\">\n<li>Feature film &#8211; 93 Minutes, France<\/li>\n\n\n\n<li>Script &amp; Direction: Dominique Lienhard<\/li>\n\n\n\n<li>Director of Photography: Nicolas Loir <a href=\"http:\/\/www.nicolasloir.com\/FEATURES.html\" target=\"_blank\" rel=\"noreferrer noopener\">www.nicolasloir.com<\/a><\/li>\n\n\n\n<li>Producer: Pierre-Fran\u00e7ois Bernet<\/li>\n\n\n\n<li>Production: Butterfly Productions <a href=\"http:\/\/www.butterfly-productions.com\" target=\"_blank\" rel=\"noreferrer noopener\">www.butterfly-productions.com<\/a><\/li>\n\n\n\n<li>Distribution : EUROZOOM <a href=\"http:\/\/www.eurozoom.fr\/site\/index.php?2006\/01\/30\/16-mue\" target=\"_blank\" rel=\"noreferrer noopener\">www.eurozoom.fr<\/a><\/li>\n<\/ul>\n\n\n\n<p>Produced with the support of the \u00ab&nbsp; Communaut\u00e9 Urbaine de Strasbourg (CUS)&nbsp;\u00bb, of the \u00ab&nbsp;R\u00e9gion Alsace&nbsp;\u00bb, \u00ab&nbsp;Cin\u00e9cin\u00e9ma&nbsp;\u00bb and of the&nbsp; \u00ab&nbsp;Centre National de la Cin\u00e9matographie&nbsp;\u00bb<\/p>\n\n\n\n<p><strong>Award:<\/strong> Ehrenpreis in Filmfest sowie Preis f\u00fcr den besten Darsteller f\u00fcr Stanislas Merhar in Funchal (Madeira \/ Portugal \u2013 November 2006)<\/p>\n\n\n\n<h3 class=\"wp-block-heading\">Festivals<\/h3>\n\n\n\n<p>Filmfestival in FRANCE : \u00ab Festival du Film de la R\u00e9union \u00bb, Dezember 2005<\/p>\n\n\n\n<p>Filmfestival in ABROAD:<\/p>\n\n\n\n<ul class=\"wp-block-list\">\n<li>Erevan (Armenien ; Juli 2006)<\/li>\n\n\n\n<li>M\u00fcnchen (Deutschland ; Juli 2006)<\/li>\n\n\n\n<li>Chichester (UK ; August 2006)<\/li>\n\n\n\n<li>\u00ab Festival des Films de Monde \u00bb Montr\u00e9al (Kanada ; September 2006)<\/li>\n\n\n\n<li>Kopenhagen (D\u00e4nemark ; Oktober 2006)<\/li>\n\n\n\n<li>\u201eLatin Film Festival \u201e Toronto (Kanada ; Oktober 2006)<\/li>\n\n\n\n<li>Funchal (Madeira \/Portugal ; November 2006)<\/li>\n\n\n\n<li>Soleure (Schweiz ; Januar 2007)<\/li>\n\n\n\n<li>Saarbr\u00fccken (Deutschland ; Januar 2007)<\/li>\n\n\n\n<li>Rom (Italien; Oktober 2007)<\/li>\n<\/ul>\n\n\n\n<h3 class=\"wp-block-heading\">Sales<\/h3>\n\n\n\n<p>TV FRANCE : CANAL + (Februar- April 2007) \/ CINECINEMA (M\u00e4rz &#8211; April 2008)<\/p>\n\n\n\n<p>DVD: CHRYSALIS FILMS (Januar 2008)<\/p>\n\n\n\n<h3 class=\"wp-block-heading\">Trailer<\/h3>\n\n\n\n<figure class=\"wp-block-embed is-type-video is-provider-youtube wp-block-embed-youtube wp-embed-aspect-4-3 wp-has-aspect-ratio\"><div class=\"wp-block-embed__wrapper\">\n<iframe loading=\"lazy\" title=\"M\u00fcetter Trailer\" width=\"1200\" height=\"900\" src=\"https:\/\/www.youtube.com\/embed\/1JfH0UZfLac?feature=oembed\" frameborder=\"0\" allow=\"accelerometer; autoplay; clipboard-write; encrypted-media; gyroscope; picture-in-picture; web-share\" allowfullscreen><\/iframe>\n<\/div><\/figure>\n\n\n\n<hr class=\"wp-block-separator has-alpha-channel-opacity\" id=\"lepetit\"\/>\n\n\n\n<div style=\"height:1em\" aria-hidden=\"true\" class=\"wp-block-spacer\"><\/div>\n\n\n\n<div class=\"wp-block-columns wp-embed-aspect-4-3 wp-has-aspect-ratio is-layout-flex wp-container-core-columns-is-layout-9d6595d7 wp-block-columns-is-layout-flex\">\n<div class=\"wp-block-column is-layout-flow wp-block-column-is-layout-flow\" style=\"flex-basis:30%\">\n<figure class=\"wp-block-image size-full\"><img decoding=\"async\" width=\"200\" height=\"276\" src=\"https:\/\/lienhard-films.com\/wp-content\/uploads\/2023\/07\/bild_web_1.jpg\" alt=\"Film Le petit d\u00e8jeuner\" class=\"wp-image-267\"\/><figcaption class=\"wp-element-caption\">Short Film Le petit d\u00e9jeuner<br>Script &amp; Direction: Dominique Lienhard<\/figcaption><\/figure>\n<\/div>\n\n\n\n<div class=\"wp-block-column is-layout-flow wp-block-column-is-layout-flow\" style=\"flex-basis:70%\">\n<h2 class=\"wp-block-heading\">Le Petit D\u00e9jeuner<\/h2>\n\n\n\n<h2 class=\"wp-block-heading\">THE BREAKFAST<\/h2>\n\n\n\n<p>Marie is preparing a terrific breakfast for her lover. She works hard to make everything perfect. She\u2019s left nothing to chance\u2026 absolutely nothing.<\/p>\n\n\n\n<p>Cast: C\u00e9line Milliat-Baumgartner<\/p>\n<\/div>\n<\/div>\n\n\n\n<p><\/p>\n\n\n\n<ul class=\"wp-block-list\">\n<li>Short Film \u2013 10 min &#8211; 2001<\/li>\n\n\n\n<li>Script &amp; Direction: Dominique Lienhard<\/li>\n\n\n\n<li>Producer: Pierre-Fran\u00e7ois Bernet<\/li>\n\n\n\n<li>Production: Butterfly Productions <a href=\"http:\/\/www.butterfly-productions.com\" target=\"_blank\" rel=\"noreferrer noopener\">www.butterfly-productions.com<\/a><\/li>\n<\/ul>\n\n\n\n<p>Produced with the support of the \u201cCommunaut\u00e9 Urbaine de Strasbourg (CUS)\u00bb.<\/p>\n\n\n\n<p><strong>Award:<\/strong> \u00ab Best Drama \u00bb 11th Chichester Film Festival \/ Short films Competition- UK (Sept. 2002)<\/p>\n\n\n\n<h3 class=\"wp-block-heading\">Festivals<\/h3>\n\n\n\n<p>Festival in France:<\/p>\n\n\n\n<ul class=\"wp-block-list\">\n<li>\u00ab Forum du cin\u00e9ma europ\u00e9en \u00bb, Strasbourg (November 2001)<\/li>\n\n\n\n<li>\u00ab FIPA \u00bb, Biarritz (Januar 2002)<\/li>\n\n\n\n<li>\u00ab Festival Court Toujours \u00bb Bron (April 2002)<\/li>\n\n\n\n<li>\u00ab Mamers en Mars \u00bb (M\u00e4rz 2002)<\/li>\n\n\n\n<li>\u00ab Stras\u2019courts- le court-m\u00e9trage en Alsace \u00bb Strasbourg (Mai 2002)<\/li>\n\n\n\n<li>\u00ab Filmer en Alsace \u00bb Strasbourg (Oktober 2002)<\/li>\n\n\n\n<li>\u00ab Films courts de Lille \u00bb Lille (M\u00e4rz 2003)<\/li>\n<\/ul>\n\n\n\n<p>Festival ABROAD:<\/p>\n\n\n\n<ul class=\"wp-block-list\">\n<li>\u00ab Mediterranen Festival of New films \u00bb Larissa \u2013 Griechenland (April 2002)<\/li>\n\n\n\n<li>\u00ab Message to Man \u00bb Sankt-Petersburg &#8211; Russland (Juni 2002)<\/li>\n\n\n\n<li>\u00ab XIII\u00e8me Festival Saar-lor-lux \u00bb Sarrebr\u00fccke \u2013 Deutschland (Juni 2002)<\/li>\n\n\n\n<li>\u00ab Taormina Film Festival \u00bb Taormina \u2013 Italien (July 2002)<\/li>\n\n\n\n<li>\u00ab 11th Chichester Film Festival \u00bb Chichester \u2013 UK (September 2002)<\/li>\n\n\n\n<li>\u00ab Internationales Kurzfilmfestival \u00bb M\u00fcnchen \u2013 Deutschland (Oktober 2002)<\/li>\n\n\n\n<li>\u00ab GRONINGUE Filmfestival \u00bb, Niederlande (November 2002)<\/li>\n\n\n\n<li>\u00ab FIKE 2002 \u00bb Evora \u2013 Portugal (November 2002)<\/li>\n\n\n\n<li>\u00ab Rome Independent Film Festival \u00bb Italien (Februar 2003)<\/li>\n\n\n\n<li>\u00ab AgrigentoCortoFest 2003 \u00bb Italien (November 2003)<\/li>\n<\/ul>\n\n\n\n<h3 class=\"wp-block-heading\" id=\"tw-target-text\">Watch the movie<\/h3>\n\n\n\n<figure class=\"wp-block-embed is-type-video is-provider-youtube wp-block-embed-youtube wp-embed-aspect-4-3 wp-has-aspect-ratio\"><div class=\"wp-block-embed__wrapper\">\n<iframe loading=\"lazy\" title=\"Le petit dejeuner\" width=\"1200\" height=\"900\" src=\"https:\/\/www.youtube.com\/embed\/lvLLpw6t5xk?feature=oembed\" frameborder=\"0\" allow=\"accelerometer; autoplay; clipboard-write; encrypted-media; gyroscope; picture-in-picture; web-share\" allowfullscreen><\/iframe>\n<\/div><\/figure>\n\n\n\n<hr class=\"wp-block-separator has-alpha-channel-opacity\" id=\"teneriffa\"\/>\n\n\n\n<h2 class=\"wp-block-heading\">TENERIFFA<\/h2>\n\n\n\n<p>A German father goes to the archives of Warsaw in order to make disappear proves of a past that he would like to forget.<\/p>\n\n\n\n<ul class=\"wp-block-list\">\n<li>Script for a short-film, 2002.<\/li>\n\n\n\n<li>Script: Dominique Lienhard<\/li>\n\n\n\n<li>Director: Saara Saarela (Finnland)<\/li>\n\n\n\n<li>This short-film forms a part of the TV-film \u00ab&nbsp;The Europeans&nbsp;\u00bb 2002-2005<\/li>\n\n\n\n<li>\u201cThe Europeans\u201d comprises 5 short-films, each directed by a director from a different nationality.<\/li>\n\n\n\n<li>The TV-Film was broadcasted on ARTE in November 2006.<\/li>\n<\/ul>\n","protected":false},"excerpt":{"rendered":"<p>FIRES IN THE DARK Set in a small village, nestled between the sea and the mountain, the father of Alan, a young fifteen-year-old boy, has out of poverty sold himself for two years to indentured service. Alan is forced to take the place of his father and struggles to support his family. He discovers a &#8230; <a title=\"Movies\" class=\"read-more\" href=\"https:\/\/lienhard-films.com\/en\/filme\/\" aria-label=\"Read more about Movies\">Read more<\/a><\/p>\n","protected":false},"author":1,"featured_media":0,"parent":0,"menu_order":0,"comment_status":"closed","ping_status":"closed","template":"","meta":{"pgc_sgb_lightbox_settings":"","footnotes":""},"class_list":["post-565","page","type-page","status-publish"],"_links":{"self":[{"href":"https:\/\/lienhard-films.com\/en\/wp-json\/wp\/v2\/pages\/565","targetHints":{"allow":["GET"]}}],"collection":[{"href":"https:\/\/lienhard-films.com\/en\/wp-json\/wp\/v2\/pages"}],"about":[{"href":"https:\/\/lienhard-films.com\/en\/wp-json\/wp\/v2\/types\/page"}],"author":[{"embeddable":true,"href":"https:\/\/lienhard-films.com\/en\/wp-json\/wp\/v2\/users\/1"}],"replies":[{"embeddable":true,"href":"https:\/\/lienhard-films.com\/en\/wp-json\/wp\/v2\/comments?post=565"}],"version-history":[{"count":1,"href":"https:\/\/lienhard-films.com\/en\/wp-json\/wp\/v2\/pages\/565\/revisions"}],"predecessor-version":[{"id":569,"href":"https:\/\/lienhard-films.com\/en\/wp-json\/wp\/v2\/pages\/565\/revisions\/569"}],"wp:attachment":[{"href":"https:\/\/lienhard-films.com\/en\/wp-json\/wp\/v2\/media?parent=565"}],"curies":[{"name":"wp","href":"https:\/\/api.w.org\/{rel}","templated":true}]}}