{"id":551,"date":"2023-06-16T14:00:30","date_gmt":"2023-06-16T14:00:30","guid":{"rendered":"http:\/\/2023.lienhard-films.com\/?page_id=17"},"modified":"2024-09-02T16:36:31","modified_gmt":"2024-09-02T16:36:31","slug":"projekte","status":"publish","type":"page","link":"https:\/\/lienhard-films.com\/en\/projekte\/","title":{"rendered":"Projects"},"content":{"rendered":"\n<div class=\"wp-block-columns is-layout-flex wp-container-core-columns-is-layout-9d6595d7 wp-block-columns-is-layout-flex\">\n<div class=\"wp-block-column is-layout-flow wp-block-column-is-layout-flow\" style=\"flex-basis:30%\">\n<h2 class=\"wp-block-heading\"><strong>Thines<\/strong><\/h2>\n\n\n\n<p>Screenplay<\/p>\n<\/div>\n\n\n\n<div class=\"wp-block-column is-layout-flow wp-block-column-is-layout-flow\" style=\"flex-basis:70%\">\n<p>Presentation follows<\/p>\n<\/div>\n<\/div>\n\n\n\n<hr class=\"wp-block-separator has-alpha-channel-opacity\"\/>\n\n\n\n<div class=\"wp-block-columns is-layout-flex wp-container-core-columns-is-layout-9d6595d7 wp-block-columns-is-layout-flex\">\n<div class=\"wp-block-column is-layout-flow wp-block-column-is-layout-flow\" style=\"flex-basis:30%\">\n<h2 class=\"wp-block-heading\">Marie and I<\/h2>\n\n\n\n<p>Screenplay for a Feature Film<\/p>\n<\/div>\n\n\n\n<div class=\"wp-block-column is-layout-flow wp-block-column-is-layout-flow\" style=\"flex-basis:70%\">\n<p>David is acting in the last scene of one of his own plays. It isn\u2019t exactly a success: the hall is virtually empty. Nevertheless, a spectator applauds. Marie. It\u2019s love at first sight. Well in fact, only for Marie. David is too preoccupied with writing a new film script for a comedy, in which the main character, Georges, is a Don Juan. But David begins to feel that his main character is escaping him: Georges increasingly dismisses his role as a heartbreaker. He wants to lend his life new meaning. At the same time, David notices that Marie is escaping him too: she simply disappears. So David starts to look after her. Yet without any success. Discouraged and sad, he goes to watch a retrospective of black &amp; white films at the cinema. There, he meets face to face with\u2026Georges, his main character! Georges complains to his creator that he is missing the female company and that he wants to experience a real love story. If David helps Georges, then possibly Georges could also help David to find Marie?<\/p>\n<\/div>\n<\/div>\n\n\n\n<hr class=\"wp-block-separator has-alpha-channel-opacity\"\/>\n\n\n\n<div class=\"wp-block-columns is-layout-flex wp-container-core-columns-is-layout-9d6595d7 wp-block-columns-is-layout-flex\">\n<div class=\"wp-block-column is-layout-flow wp-block-column-is-layout-flow\" style=\"flex-basis:30%\">\n<h2 class=\"wp-block-heading\">The polar star<\/h2>\n\n\n\n<p>Screenplay for a Feature Film<br>Written by Dominique Lienhard<br>Developed with Butterfly Productions<\/p>\n\n\n\n<p><a rel=\"noreferrer noopener\" href=\"http:\/\/www.butterfly-productions.com\" target=\"_blank\">www.butterfly-productions.com<\/a><\/p>\n<\/div>\n\n\n\n<div class=\"wp-block-column is-layout-flow wp-block-column-is-layout-flow\" style=\"flex-basis:70%\">\n<p>Ariane, an 18 year-old biathlon competitor, returns home at dawn after a party. She discovers her father, Serge, hanged. A message on her fathers mobile soon reveals his double life. Ariane discovers that her father had a mistress, Elvire, who is pregnant. Ariane makes it her duty to find Elvire. In the meantime, Ariane\u2019s mother sinks into madness. Ariane still has strong memories of her father and upholds these through a kind of fantasy where she acts as if her father were still alive. Yet &#8211; step by step &#8211; this quaint relationship fades and the pain grows.<\/p>\n\n\n\n<p>Actors who gave their agreements: Sara Forestier, Zabou Breitman, Sergi Lopez, Suzanne Clement<\/p>\n<\/div>\n<\/div>\n\n\n\n<hr class=\"wp-block-separator has-alpha-channel-opacity\"\/>\n\n\n\n<div class=\"wp-block-columns is-layout-flex wp-container-core-columns-is-layout-9d6595d7 wp-block-columns-is-layout-flex\">\n<div class=\"wp-block-column is-layout-flow wp-block-column-is-layout-flow\" style=\"flex-basis:30%\">\n<h2 class=\"wp-block-heading\">Along the Main Road<\/h2>\n\n\n\n<p>Script for Feature Film<br>Script by: Dominique Lienhard<br>Developed with Butterfly Productions<\/p>\n\n\n\n<p><a rel=\"noreferrer noopener\" href=\"http:\/\/www.butterfly-productions.com\" target=\"_blank\">www.butterfly-productions.com<\/a><\/p>\n<\/div>\n\n\n\n<div class=\"wp-block-column is-layout-flow wp-block-column-is-layout-flow\" style=\"flex-basis:70%\">\n<p>A peasant living on a remote farm by a long road in the middle of a forest, quickly closes his shutters. He is scared. An endless column of prisoners is to pass by, just in front of his house. The end of the war is close and a coalition will soon set the country free. The farmer is angry that these prisoners must pass by his farm of all places. So far, he\u2019s always managed to protect his wife and 16 year-old daughter from the throes of war.<\/p>\n\n\n\n<p>Actors who gave their agreements: Denis Podalyd\u00e8s, Laura Morante, D\u00e9borah Fran\u00e7ois, Stanislas Merhar, Carlo Brandt<\/p>\n<\/div>\n<\/div>\n","protected":false},"excerpt":{"rendered":"<p>Thines Screenplay Presentation follows Marie and I Screenplay for a Feature Film David is acting in the last scene of one of his own plays. It isn\u2019t exactly a success: the hall is virtually empty. Nevertheless, a spectator applauds. Marie. It\u2019s love at first sight. Well in fact, only for Marie. David is too preoccupied &#8230; <a title=\"Projects\" class=\"read-more\" href=\"https:\/\/lienhard-films.com\/en\/projekte\/\" aria-label=\"Read more about Projects\">Read more<\/a><\/p>\n","protected":false},"author":1,"featured_media":0,"parent":0,"menu_order":0,"comment_status":"closed","ping_status":"closed","template":"","meta":{"pgc_sgb_lightbox_settings":"","footnotes":""},"class_list":["post-551","page","type-page","status-publish"],"_links":{"self":[{"href":"https:\/\/lienhard-films.com\/en\/wp-json\/wp\/v2\/pages\/551","targetHints":{"allow":["GET"]}}],"collection":[{"href":"https:\/\/lienhard-films.com\/en\/wp-json\/wp\/v2\/pages"}],"about":[{"href":"https:\/\/lienhard-films.com\/en\/wp-json\/wp\/v2\/types\/page"}],"author":[{"embeddable":true,"href":"https:\/\/lienhard-films.com\/en\/wp-json\/wp\/v2\/users\/1"}],"replies":[{"embeddable":true,"href":"https:\/\/lienhard-films.com\/en\/wp-json\/wp\/v2\/comments?post=551"}],"version-history":[{"count":2,"href":"https:\/\/lienhard-films.com\/en\/wp-json\/wp\/v2\/pages\/551\/revisions"}],"predecessor-version":[{"id":559,"href":"https:\/\/lienhard-films.com\/en\/wp-json\/wp\/v2\/pages\/551\/revisions\/559"}],"wp:attachment":[{"href":"https:\/\/lienhard-films.com\/en\/wp-json\/wp\/v2\/media?parent=551"}],"curies":[{"name":"wp","href":"https:\/\/api.w.org\/{rel}","templated":true}]}}