{"id":966,"date":"2023-06-16T14:00:30","date_gmt":"2023-06-16T14:00:30","guid":{"rendered":"https:\/\/lienhard-films.com\/?page_id=966"},"modified":"2024-08-13T07:38:58","modified_gmt":"2024-08-13T07:38:58","slug":"projekte","status":"publish","type":"page","link":"https:\/\/lienhard-films.com\/de\/projekte\/","title":{"rendered":"Projekte"},"content":{"rendered":"\n<div class=\"wp-block-columns is-layout-flex wp-container-core-columns-is-layout-9d6595d7 wp-block-columns-is-layout-flex\">\n<div class=\"wp-block-column is-layout-flow wp-block-column-is-layout-flow\" style=\"flex-basis:30%\">\n<h2 class=\"wp-block-heading\"><strong>Thines<\/strong><\/h2>\n\n\n\n<p>Drehbuch <\/p>\n<\/div>\n\n\n\n<div class=\"wp-block-column is-layout-flow wp-block-column-is-layout-flow\" style=\"flex-basis:70%\">\n<p>Vorstellung folgt.<\/p>\n<\/div>\n<\/div>\n\n\n\n<hr class=\"wp-block-separator has-alpha-channel-opacity\"\/>\n\n\n\n<div class=\"wp-block-columns is-layout-flex wp-container-core-columns-is-layout-9d6595d7 wp-block-columns-is-layout-flex\">\n<div class=\"wp-block-column is-layout-flow wp-block-column-is-layout-flow\" style=\"flex-basis:30%\">\n<h2 class=\"wp-block-heading\">Marie und ich<\/h2>\n\n\n\n<p>Drehbuch f\u00fcr einen Spielfilm<\/p>\n<\/div>\n\n\n\n<div class=\"wp-block-column is-layout-flow wp-block-column-is-layout-flow\" style=\"flex-basis:70%\">\n<p>David spielt sein letztes Theaterst\u00fcck, das er geschrieben hat. Es ist kein Erfolg, der Saal ist leer, fast leer. Denn eine Zuschauerin sitzt in dem gro\u00dfen Kinosaal \u2013 und klatscht begeistert. Ihr Name ist Marie, die sich sofort in den Frauenhelden Georges verliebt. Der ist aber mehr damit besch\u00e4ftigt, ein neues Drehbuch zu schreiben &#8230; David bemerkt, dass seine Hauptfigur ihm abhanden kommt. Georges beschwert sich, er will nicht mehr der bl\u00f6de Frauenheld sein, er will, dass sein Leben einen Sinn bekommt. Marie entzieht sich ihm auch. David f\u00e4ngt an, sie \u00fcberall zu suchen, doch ohne Erfolg. Traurig geht er in ein Kino, wo eine Retrospektive von Schwarz-Wei\u00df-Filmen gezeigt wird. Und dort trifft er &#8211; Georges, seine Hauptfigur! Georges beschwert sich bei seinem Sch\u00f6pfer: Er m\u00f6chte eine Frau kennen lernen, eine Liebesgeschichte erleben. Wenn David seiner Hauptfigur Georges hilft, vielleicht k\u00f6nnte Georges dann David helfen, seine Marie wieder zu finden?<\/p>\n<\/div>\n<\/div>\n\n\n\n<hr class=\"wp-block-separator has-alpha-channel-opacity\"\/>\n\n\n\n<div class=\"wp-block-columns is-layout-flex wp-container-core-columns-is-layout-9d6595d7 wp-block-columns-is-layout-flex\">\n<div class=\"wp-block-column is-layout-flow wp-block-column-is-layout-flow\" style=\"flex-basis:30%\">\n<h2 class=\"wp-block-heading\">Polarstern<\/h2>\n\n\n\n<p>Drehbuch f\u00fcr einen Spielfilm<br>Entwickelt mit Butterfly Productions<br><a rel=\"noreferrer noopener\" href=\"http:\/\/www.butterfly-productions.com\" target=\"_blank\">www.butterfly-productions.com<\/a><\/p>\n<\/div>\n\n\n\n<div class=\"wp-block-column is-layout-flow wp-block-column-is-layout-flow\" style=\"flex-basis:70%\">\n<p>In den fr\u00fchen Morgenstunden kehrt Ariane, 18, Biathletin, nach einer Party bei ihren Eltern zur\u00fcck. Sie entdeckt ihren Vater Serge, erh\u00e4ngt. Wegen einer Nachricht auf Serges Handy erf\u00e4hrt Ariane von dem Doppelleben ihres Vaters. Serge hatte eine Geliebte, Elvire, die offensichtlich von Serge geschw\u00e4ngert wurde. Ariane wird von nun an versuchen, diese Elvire zu finden&#8230; W\u00e4hrend Ariane\u2019s Mutter dem Wahnsinn verf\u00e4llt, versucht Ariane, st\u00e4ndig in Kontakt mit ihrem Vater zu bleiben. Dabei mischen sich reale Erinnerungen mit fantasierten Dialogen. Jedoch f\u00e4ngt diese merkw\u00fcrdige Beziehung mit ihrem Vater an zu br\u00f6ckeln, und der Schmerz w\u00e4chst.<\/p>\n\n\n\n<p>Darsteller, die ihr Einverst\u00e4ndnis gegeben haben: Sara Forestier, Zabou Breitman, Sergi Lopez, Suzanne Clement<\/p>\n<\/div>\n<\/div>\n\n\n\n<hr class=\"wp-block-separator has-alpha-channel-opacity\"\/>\n\n\n\n<div class=\"wp-block-columns is-layout-flex wp-container-core-columns-is-layout-9d6595d7 wp-block-columns-is-layout-flex\">\n<div class=\"wp-block-column is-layout-flow wp-block-column-is-layout-flow\" style=\"flex-basis:30%\">\n<h2 class=\"wp-block-heading\">Entlang der langen Stra\u00dfe<\/h2>\n\n\n\n<p>Drehbuch f\u00fcr einen Spielfilm<br>Entwickelt mit Butterfly Productions<br><a rel=\"noreferrer noopener\" href=\"http:\/\/www.butterfly-productions.com\" target=\"_blank\">www.butterfly-productions.com<\/a><\/p>\n<\/div>\n\n\n\n<div class=\"wp-block-column is-layout-flow wp-block-column-is-layout-flow\" style=\"flex-basis:70%\">\n<p>Ein Bauer lebt mit seiner Frau und seiner 16-J\u00e4hrigen Tochter auf einem einsamen Hof an einer langen Stra\u00dfe mitten im Wald. Er schlie\u00dft hastig die Fensterl\u00e4den, als ein Trupp Gefangener an seinem Hof vorbei marschiert. Es ist das Ende eines Krieges, eine Koalition wird bald das Land befreien. Deshalb werden die Gefangenen evakuiert. Der Bauer ist erbost, dass diese Gefangenen ausgerechnet an seinem Haus vorbeikommen werden. Er hat doch bis jetzt erfolgreich immer alles unternommen, damit seine Frau und seine Tochter vom Krieg verschont bleiben\u2026<\/p>\n\n\n\n<p>Darsteller, die ihr Einverst\u00e4ndnis gegeben haben: Denis Podalyd\u00e8s, Laura Morante, D\u00e9borah Fran\u00e7ois, Stanislas Merhar, Carlo Brandt<\/p>\n<\/div>\n<\/div>\n","protected":false},"excerpt":{"rendered":"<p>Thines Drehbuch Vorstellung folgt. Marie und ich Drehbuch f\u00fcr einen Spielfilm David spielt sein letztes Theaterst\u00fcck, das er geschrieben hat. Es ist kein Erfolg, der Saal ist leer, fast leer. Denn eine Zuschauerin sitzt in dem gro\u00dfen Kinosaal \u2013 und klatscht begeistert. Ihr Name ist Marie, die sich sofort in den Frauenhelden Georges verliebt. Der &#8230; <a title=\"Projekte\" class=\"read-more\" href=\"https:\/\/lienhard-films.com\/de\/projekte\/\" aria-label=\"Mehr Informationen \u00fcber Projekte\">Weiterlesen &#8230;<\/a><\/p>\n","protected":false},"author":1,"featured_media":0,"parent":0,"menu_order":0,"comment_status":"closed","ping_status":"closed","template":"","meta":{"pgc_sgb_lightbox_settings":"","footnotes":""},"class_list":["post-966","page","type-page","status-publish"],"_links":{"self":[{"href":"https:\/\/lienhard-films.com\/de\/wp-json\/wp\/v2\/pages\/966","targetHints":{"allow":["GET"]}}],"collection":[{"href":"https:\/\/lienhard-films.com\/de\/wp-json\/wp\/v2\/pages"}],"about":[{"href":"https:\/\/lienhard-films.com\/de\/wp-json\/wp\/v2\/types\/page"}],"author":[{"embeddable":true,"href":"https:\/\/lienhard-films.com\/de\/wp-json\/wp\/v2\/users\/1"}],"replies":[{"embeddable":true,"href":"https:\/\/lienhard-films.com\/de\/wp-json\/wp\/v2\/comments?post=966"}],"version-history":[{"count":1,"href":"https:\/\/lienhard-films.com\/de\/wp-json\/wp\/v2\/pages\/966\/revisions"}],"predecessor-version":[{"id":967,"href":"https:\/\/lienhard-films.com\/de\/wp-json\/wp\/v2\/pages\/966\/revisions\/967"}],"wp:attachment":[{"href":"https:\/\/lienhard-films.com\/de\/wp-json\/wp\/v2\/media?parent=966"}],"curies":[{"name":"wp","href":"https:\/\/api.w.org\/{rel}","templated":true}]}}