{"id":958,"date":"2023-06-16T14:00:02","date_gmt":"2023-06-16T14:00:02","guid":{"rendered":"https:\/\/lienhard-films.com\/?page_id=958"},"modified":"2024-08-13T10:11:25","modified_gmt":"2024-08-13T10:11:25","slug":"ueber-mich","status":"publish","type":"page","link":"https:\/\/lienhard-films.com\/de\/ueber-mich\/","title":{"rendered":"\u00dcber mich"},"content":{"rendered":"\n<div class=\"wp-block-columns is-layout-flex wp-container-core-columns-is-layout-9d6595d7 wp-block-columns-is-layout-flex\">\n<div class=\"wp-block-column is-layout-flow wp-block-column-is-layout-flow\" style=\"flex-basis:30%\">\n<figure class=\"wp-block-image size-full is-resized\"><img decoding=\"async\" width=\"799\" height=\"799\" src=\"https:\/\/lienhard-films.com\/wp-content\/uploads\/2023\/08\/DominiqueLienhard.jpg\" alt=\"\" class=\"wp-image-943\" style=\"aspect-ratio:1;width:260px;height:auto\" srcset=\"https:\/\/lienhard-films.com\/wp-content\/uploads\/2023\/08\/DominiqueLienhard.jpg 799w, https:\/\/lienhard-films.com\/wp-content\/uploads\/2023\/08\/DominiqueLienhard-300x300.jpg 300w, https:\/\/lienhard-films.com\/wp-content\/uploads\/2023\/08\/DominiqueLienhard-150x150.jpg 150w, https:\/\/lienhard-films.com\/wp-content\/uploads\/2023\/08\/DominiqueLienhard-768x768.jpg 768w\" sizes=\"(max-width: 799px) 100vw, 799px\" \/><figcaption class=\"wp-element-caption\">Dominique Lienhard<br\/>R\u00e9alisateur et sc\u00e9nariste<\/figcaption><\/figure>\n<\/div>\n\n\n\n<div class=\"wp-block-column is-layout-flow wp-block-column-is-layout-flow\" style=\"flex-basis:70%\">\n<h2 class=\"wp-block-heading\">Emotionen erzeugen<\/h2>\n\n\n\n<p>F\u00fcr mich als Zuschauer ist es nach wie vor magisch. Man geht in einen Kinosaal mit all seinen kleinen Sorgen und K\u00fcmmernissen. Dann erlischt das Licht, der Film beginnt, und sofort ist man in einer anderen Welt. Man befindet sich im Amerika der 30er Jahre, im Japan der 50er Jahre, im heutigen Argentinien. Man h\u00f6rt Sprachen, die man wenig oder gar nicht beherrscht, lebt in neuen Kulturen und manchmal wird man von seinen Emotionen \u00fcberw\u00e4ltigt, welche die fremden Schicksale in einem ausl\u00f6sen.<\/p>\n\n\n\n<p>Was hat diese Emotionen erzeugt? Warum in diesem Film und warum in diesem Augenblick? Solche Fragen faszinieren mich. Viele sehr unterschiedliche Filme gefallen mir, aber die Filme, die mich am tiefsten ber\u00fchrt haben, diejenigen, nach deren Betrachtung ich mir gesagt habe, solche Filme m\u00f6chte ich drehen, sind immer einfache Geschichten: Geschichten \u00fcber Familienbeziehungen. Wie die Filme von Ozu, von Carlos Sorin oder Kore-Eda.<\/p>\n\n\n\n<p><strong>Warum drehe ich Filme? <\/strong>Vielleicht deswegen: damit eines Tages, hierzulande oder anderswo, ein Zuschauer oder eine Zuschauerin in ein Kino geht, mit seinem\/ihrem Leben, seinen\/ihren Sorgen\u2026 Und er oder sie empfindet ebenfalls eine \u00e4hnlich starke Emotion.<\/p>\n\n\n\n<p><strong>Interview <\/strong>in englischer Sprache:<\/p>\n\n\n\n<p><a href=\"https:\/\/breckfilm.org\/filmmakers-of-the-month\/2022\/7\/31\/film-maker-of-the-month-1\" target=\"_blank\" rel=\"noreferrer noopener\">Breckfilm&nbsp;: Filmmaker of the month August 2022&nbsp;: Dominique Lienhard<\/a><\/p>\n<\/div>\n<\/div>\n\n\n\n<h2 class=\"wp-block-heading gruppe_eingerueckt\">Filmografie:<\/h2>\n\n\n\n<h4 class=\"wp-block-heading h_link\"><a href=\"https:\/\/lienhard-films.com\/?page_id=1024\" data-type=\"page\" data-id=\"1024\">Fires in the Dark<\/a><\/h4>\n\n\n\n<p>2020, Spielfilm, Drehbuch und Regie<\/p>\n\n\n\n<hr class=\"wp-block-separator has-alpha-channel-opacity\"\/>\n\n\n\n<h4 class=\"wp-block-heading gruppe_eingerueckt h_link\"><a href=\"\/filme\/#film_muetter\">M\u00fcetter<\/a><\/h4>\n\n\n\n<p class=\"gruppe_eingerueckt h_link\">2003-2006, Spielfilm , Drehbuchautor (2003) und Regisseur (2005-2006)<\/p>\n\n\n\n<hr class=\"wp-block-separator has-alpha-channel-opacity is-style-default\"\/>\n\n\n\n<h4 class=\"wp-block-heading gruppe_eingerueckt h_link\"><a href=\"\/filme\/#lepetit\" data-type=\"page\" data-id=\"15\">Le petit d\u00e9jeuner<\/a><\/h4>\n\n\n\n<p class=\"gruppe_eingerueckt\">2001, Kurzfilm Drehbuchautor und Regisseur<\/p>\n\n\n\n<hr class=\"wp-block-separator has-alpha-channel-opacity\"\/>\n\n\n\n<h4 class=\"wp-block-heading gruppe_eingerueckt h_link\"><a href=\"\/filme\/#teneriffa\" data-type=\"page\" data-id=\"15\">Teneriffa<\/a><\/h4>\n\n\n\n<p class=\"gruppe_eingerueckt\">2002, Kurzfilm, Drehbuchautor&nbsp;(Regie von einer finnischen Regisseurin; Projekt von ARTE)<\/p>\n\n\n\n<hr class=\"wp-block-separator has-alpha-channel-opacity\"\/>\n\n\n\n<h2 class=\"wp-block-heading gruppe_eingerueckt\">Projekte:<\/h2>\n\n\n\n<h4 class=\"wp-block-heading h_link\"><a href=\"https:\/\/lienhard-films.com\/de\/projekte\/\" data-type=\"page\" data-id=\"966\">Marie et moi<\/a><\/h4>\n\n\n\n<p class=\"gruppe_eingerueckt\">2012, Drehbuch f\u00fcr einen Spielfilm<\/p>\n\n\n\n<hr class=\"wp-block-separator has-alpha-channel-opacity\"\/>\n\n\n\n<h4 class=\"wp-block-heading h_link\"><a href=\"https:\/\/lienhard-films.com\/de\/projekte\/\" data-type=\"page\" data-id=\"966\">L\u2018\u00e9toile polaire<\/a><\/h4>\n\n\n\n<p class=\"h_link\">2009-2010, Drehbuch f\u00fcr einen Spielfilm<\/p>\n\n\n\n<hr class=\"wp-block-separator has-alpha-channel-opacity\"\/>\n\n\n\n<h4 class=\"wp-block-heading h_link\"><a href=\"\/de\/projekte\/\">Le long de la longue route<\/a><\/h4>\n\n\n\n<p class=\"gruppe_eingerueckt\">2007-2008, Drehbuch f\u00fcr einen Spielfilm<\/p>\n","protected":false},"excerpt":{"rendered":"<p>Emotionen erzeugen F\u00fcr mich als Zuschauer ist es nach wie vor magisch. Man geht in einen Kinosaal mit all seinen kleinen Sorgen und K\u00fcmmernissen. Dann erlischt das Licht, der Film beginnt, und sofort ist man in einer anderen Welt. Man befindet sich im Amerika der 30er Jahre, im Japan der 50er Jahre, im heutigen Argentinien. &#8230; <a title=\"\u00dcber mich\" class=\"read-more\" href=\"https:\/\/lienhard-films.com\/de\/ueber-mich\/\" aria-label=\"Mehr Informationen \u00fcber \u00dcber mich\">Weiterlesen &#8230;<\/a><\/p>\n","protected":false},"author":1,"featured_media":0,"parent":0,"menu_order":0,"comment_status":"closed","ping_status":"closed","template":"","meta":{"pgc_sgb_lightbox_settings":"","footnotes":""},"class_list":["post-958","page","type-page","status-publish"],"_links":{"self":[{"href":"https:\/\/lienhard-films.com\/de\/wp-json\/wp\/v2\/pages\/958","targetHints":{"allow":["GET"]}}],"collection":[{"href":"https:\/\/lienhard-films.com\/de\/wp-json\/wp\/v2\/pages"}],"about":[{"href":"https:\/\/lienhard-films.com\/de\/wp-json\/wp\/v2\/types\/page"}],"author":[{"embeddable":true,"href":"https:\/\/lienhard-films.com\/de\/wp-json\/wp\/v2\/users\/1"}],"replies":[{"embeddable":true,"href":"https:\/\/lienhard-films.com\/de\/wp-json\/wp\/v2\/comments?post=958"}],"version-history":[{"count":2,"href":"https:\/\/lienhard-films.com\/de\/wp-json\/wp\/v2\/pages\/958\/revisions"}],"predecessor-version":[{"id":1026,"href":"https:\/\/lienhard-films.com\/de\/wp-json\/wp\/v2\/pages\/958\/revisions\/1026"}],"wp:attachment":[{"href":"https:\/\/lienhard-films.com\/de\/wp-json\/wp\/v2\/media?parent=958"}],"curies":[{"name":"wp","href":"https:\/\/api.w.org\/{rel}","templated":true}]}}