{"id":954,"date":"2023-06-16T14:00:19","date_gmt":"2023-06-16T14:00:19","guid":{"rendered":"https:\/\/lienhard-films.com\/?page_id=954"},"modified":"2024-08-12T17:33:58","modified_gmt":"2024-08-12T17:33:58","slug":"filme","status":"publish","type":"page","link":"https:\/\/lienhard-films.com\/de\/filme\/","title":{"rendered":"Filme"},"content":{"rendered":"\n<div class=\"wp-block-columns wp-embed-aspect-4-3 wp-has-aspect-ratio is-layout-flex wp-container-core-columns-is-layout-9d6595d7 wp-block-columns-is-layout-flex\">\n<div class=\"wp-block-column is-layout-flow wp-block-column-is-layout-flow\" style=\"flex-basis:30%\">\n<figure class=\"wp-block-image size-large\"><img decoding=\"async\" width=\"722\" height=\"1024\" src=\"https:\/\/lienhard-films.com\/wp-content\/uploads\/2023\/07\/Film_Fires_in_the_dark_web-722x1024.jpg\" alt=\"\" class=\"wp-image-243\" srcset=\"https:\/\/lienhard-films.com\/wp-content\/uploads\/2023\/07\/Film_Fires_in_the_dark_web-722x1024.jpg 722w, https:\/\/lienhard-films.com\/wp-content\/uploads\/2023\/07\/Film_Fires_in_the_dark_web-211x300.jpg 211w, https:\/\/lienhard-films.com\/wp-content\/uploads\/2023\/07\/Film_Fires_in_the_dark_web-768x1090.jpg 768w, https:\/\/lienhard-films.com\/wp-content\/uploads\/2023\/07\/Film_Fires_in_the_dark_web.jpg 1000w\" sizes=\"(max-width: 722px) 100vw, 722px\" \/><figcaption class=\"wp-element-caption\">Spielfilm, 2020<br>Drehbuch von Dominique Lienhard<br>Produktion: OFFSHORE <a rel=\"noreferrer noopener\" href=\"http:\/\/www.offshore.fr\" target=\"_blank\">www.offshore.fr<\/a><\/figcaption><\/figure>\n<\/div>\n\n\n\n<div class=\"wp-block-column is-layout-flow wp-block-column-is-layout-flow\" style=\"flex-basis:70%\">\n<h2 class=\"wp-block-heading\" id=\"fires\">FIRES IN THE DARK<\/h2>\n\n\n\n<p>Nach einen Roman von Akira Yoshimura Ein abgelegenes Dorf zwischen Meer und Bergen. Die Einwohner versuchen, mit aller Kraft und allen Mitteln zu \u00fcberleben. Alan ist ein 15-j\u00e4hriger Junge. Sein Vater hat die Familie gerade f\u00fcr zwei Jahre verlassen, um Geld zu verdienen. Daher ist Alan von nun an f\u00fcr das \u00dcberleben der Familie verantwortlich. Eine schwierige Aufgabe f\u00fcr den Jungen. Dar\u00fcber hinaus muss Alan nun auch die \u00dcberwachung von gro\u00dfen Feuern in der Nacht am Strand \u00fcbernehmen. Diese gro\u00dfen Feuer sind da, um Salz aus Meereswasser zu erzeugen, aber auch \u2013wie er letztendlich erfahren wird &#8211; um Schiffe anzulocken, damit sie gegen die Felsen steuern. Und in der Tat, eines nachts havariert ein Schiff, so dass die Dorfbewohner die wertvolle Fracht pl\u00fcndern k\u00f6nnen. Eine himmlische Manna?<\/p>\n\n\n\n<p><strong>Darsteller:<\/strong> Igor Van Dessel, Ana Girardot, Oph\u00e9lie Bau, J\u00e9r\u00e9mie Elkaim, Tom Rivoire, Louna Espinosa, Virgil Amadei, Manon Chammah<\/p>\n<\/div>\n<\/div>\n\n\n\n<h3 class=\"wp-block-heading\">Festivals<\/h3>\n\n\n\n<ul class=\"wp-block-list wp-embed-aspect-4-3 wp-has-aspect-ratio\">\n<li>Rome Independent Film Festival (Italy)<\/li>\n\n\n\n<li>Jaipur International Film Festival (India),<\/li>\n\n\n\n<li>Vesuvius International Film Festival (Italy),<\/li>\n\n\n\n<li>ARFF Berlin (Germany),<\/li>\n\n\n\n<li>Sochi Film Festival (Russia),<\/li>\n\n\n\n<li>Anatolia Internation Film Festival (Turkey),<\/li>\n\n\n\n<li>European Cinema Festival (Spain),<\/li>\n\n\n\n<li>Montreal Independent Film Festival (Canada),<\/li>\n\n\n\n<li>New Dehli International Film Festival (India),<\/li>\n\n\n\n<li>Boden International Film Festival (Sweden),<\/li>\n\n\n\n<li>Julien Dubuque International Film Festival (USA),<\/li>\n\n\n\n<li>Riverrun International Film Festival (USA),<\/li>\n\n\n\n<li>JEONJU International Film Festival (Corea),<\/li>\n\n\n\n<li>Phoenix Film Festival (USA),<\/li>\n\n\n\n<li>Buenos Aires IFF (Argentinien),<\/li>\n\n\n\n<li>British Independent Film Festival (GB),<\/li>\n\n\n\n<li>Breck IFF (USA),<\/li>\n\n\n\n<li>Chichester IFF&nbsp;(GB),<\/li>\n\n\n\n<li>F\u00fcnf Seen Film Festival, Starnberg (Deutschland),<\/li>\n\n\n\n<li>Filmfestival Kitzb\u00fchel (\u00d6sterreich),<\/li>\n\n\n\n<li>International Thai Film Festival (Thailand),<\/li>\n\n\n\n<li>Jane Austen Film Festival (GB),<\/li>\n\n\n\n<li>Footcandle IFF&nbsp;(USA),<\/li>\n\n\n\n<li>ARFF Amsterdam (Niederland),<\/li>\n\n\n\n<li>Marbella (Spain),<\/li>\n\n\n\n<li>Tuckson (USA),<\/li>\n\n\n\n<li>Rising Sun IFF (Japan),<\/li>\n\n\n\n<li>Napa Valey (USA),<\/li>\n\n\n\n<li>AFIN IFF (Australien),<\/li>\n\n\n\n<li>Tiburon (USA),<\/li>\n\n\n\n<li>Las Vegas Interanational Film and Screenplay Festival (USA),<\/li>\n\n\n\n<li>Antwerp IFF (Belgien),<\/li>\n\n\n\n<li>Fic Author &#8211; Guadalajara (Mexico),<\/li>\n\n\n\n<li>Beaufort IFF (USA),<\/li>\n\n\n\n<li>Sevilla Indie FF (Spanien),<\/li>\n\n\n\n<li>Richmond IFF (USA)<\/li>\n\n\n\n<li>Silicon Valley IFF&nbsp;(USA),<\/li>\n\n\n\n<li>Beyond Hollywood IFF (USA)<\/li>\n<\/ul>\n\n\n\n<h3 class=\"wp-block-heading\">Preise<\/h3>\n\n\n\n<ul class=\"wp-block-list\">\n<li>Best Costum Design, Best Make-up (Jaipur IFF)<\/li>\n\n\n\n<li>Best Features Film Covid19, Best Actress (Ana Girardot) (Vesuvius IFF),<\/li>\n\n\n\n<li>Best Feature Film (January) ( ARFF Berlin),<\/li>\n\n\n\n<li>Best Costum Design (Anatolia IFF),<\/li>\n\n\n\n<li>Best Feature Film (European Cinema Festival),<\/li>\n\n\n\n<li>Honorable Mention for Direction (Montreal IFF),<\/li>\n\n\n\n<li>Best Costum Film, Best Make-up, Best European Film, Best Children&#8217;s Film (New Dehli IFF),<\/li>\n\n\n\n<li>Best Feature Film, Best director, Best Actor (Igor Van Dessel), Best Actress (Ana Girardot) (Boden IFF)<\/li>\n\n\n\n<li>Best Film, Best Director, Best Screenplay (Riverrun IFF),<\/li>\n\n\n\n<li>Best Actress (Ana Girardot) (Buenos Aires IFF),<\/li>\n\n\n\n<li>Milstone Award (Best Photographie) (British Independent FF),<\/li>\n\n\n\n<li>Best Actor (Igor Van Dessel (Breck IFF),<\/li>\n\n\n\n<li>Best Film, Best Director (Phoenix),<\/li>\n\n\n\n<li>Best Film (Int. Thai FF),<\/li>\n\n\n\n<li>Best Film, Best Actor (Igor Van Dessel) (Jane Austen FF),<\/li>\n\n\n\n<li>Best Film (Footcandle),<\/li>\n\n\n\n<li>Honorable Meniton (ARFF Amsterdam),<\/li>\n\n\n\n<li>Best International Feature Film, Best Costum, Best Editing, Best Director, Best Film (Las Vegas International Film and Screenplay Festival),<\/li>\n\n\n\n<li>Best Film (Antwerp),<\/li>\n\n\n\n<li>Silver Award for Best Feature, Best Director, Best Actor (Igor van Dessel), Best Actress (Ana Girardot) (Sevilla Indie FF)<\/li>\n<\/ul>\n\n\n\n<h3 class=\"wp-block-heading\">Trailer<\/h3>\n\n\n\n<figure class=\"wp-block-embed is-type-video is-provider-youtube wp-block-embed-youtube wp-embed-aspect-16-9 wp-has-aspect-ratio\"><div class=\"wp-block-embed__wrapper\">\n<iframe loading=\"lazy\" title=\"Fires in the Dark - Rome Independent Film Festival - RIFF Awards\" width=\"1200\" height=\"675\" src=\"https:\/\/www.youtube.com\/embed\/U6KRn7Y4K74?feature=oembed\" frameborder=\"0\" allow=\"accelerometer; autoplay; clipboard-write; encrypted-media; gyroscope; picture-in-picture; web-share\" referrerpolicy=\"strict-origin-when-cross-origin\" allowfullscreen><\/iframe>\n<\/div><\/figure>\n\n\n\n<h3 class=\"wp-block-heading\">Interviews<\/h3>\n\n\n\n<p>1) Video von Ana Girardot im Franz\u00f6sischen Fernsehen (franz\u00f6sisch)&nbsp;: <a href=\"https:\/\/www.youtube.com\/watch?v=4Z96eZGDMyo\" target=\"_blank\" rel=\"noreferrer noopener\">https:\/\/www.youtube.com\/watch?v=4Z96eZGDMyo<\/a><\/p>\n\n\n\n<p>2) Video von Dominique LIenhard, f\u00fcr ein Festival in Korea gedreht (englisch):<\/p>\n\n\n\n<figure class=\"wp-block-embed is-type-video is-provider-youtube wp-block-embed-youtube wp-embed-aspect-16-9 wp-has-aspect-ratio\"><div class=\"wp-block-embed__wrapper\">\n<iframe loading=\"lazy\" title=\"\uc5b4\ub460 \uc18d\uc758 \ube5b Fires in the Dark | \uac10\ub3c5 \ub3c4\ubbf8\ub2c8\ud06c \ub9ac\uc5d0\ub098\ub974 Dominique LIENHARD | 22nd JEONJU IFF DIRECTOR&#039;S CLIP\" width=\"1200\" height=\"675\" src=\"https:\/\/www.youtube.com\/embed\/j94ZqtT78Zw?feature=oembed\" frameborder=\"0\" allow=\"accelerometer; autoplay; clipboard-write; encrypted-media; gyroscope; picture-in-picture; web-share\" referrerpolicy=\"strict-origin-when-cross-origin\" allowfullscreen><\/iframe>\n<\/div><\/figure>\n\n\n\n<p>3) Bericht von orange.fr<\/p>\n\n\n\n<p><a href=\"https:\/\/actu.orange.fr\/societe\/videos\/cinema-entretien-avec-dominique-lienhard-realisateur-du-film-des-feux-dans-la-nuit-CNT000001RY45a.html\" target=\"_blank\" rel=\"noreferrer noopener\">https:\/\/actu.orange.fr\/societe\/videos\/cinema-entretien-avec-dominique-lienhard-realisateur-du-film-des-feux-dans-la-nuit-CNT000001RY45a.html<\/a><\/p>\n\n\n\n<hr class=\"wp-block-separator has-alpha-channel-opacity\" id=\"film_muetter\"\/>\n\n\n\n<div style=\"height:1em\" aria-hidden=\"true\" class=\"wp-block-spacer\"><\/div>\n\n\n\n<div class=\"wp-block-columns is-layout-flex wp-container-core-columns-is-layout-9d6595d7 wp-block-columns-is-layout-flex\">\n<div class=\"wp-block-column is-layout-flow wp-block-column-is-layout-flow\" style=\"flex-basis:30%\">\n<figure class=\"wp-block-image size-full\"><img decoding=\"async\" width=\"1000\" height=\"1333\" src=\"https:\/\/lienhard-films.com\/wp-content\/uploads\/2023\/07\/FIlm_Muetter.jpg\" alt=\"M\u00fcetter. Un film de Dominique LIENHARD\" class=\"wp-image-234\" srcset=\"https:\/\/lienhard-films.com\/wp-content\/uploads\/2023\/07\/FIlm_Muetter.jpg 1000w, https:\/\/lienhard-films.com\/wp-content\/uploads\/2023\/07\/FIlm_Muetter-225x300.jpg 225w, https:\/\/lienhard-films.com\/wp-content\/uploads\/2023\/07\/FIlm_Muetter-768x1024.jpg 768w\" sizes=\"(max-width: 1000px) 100vw, 1000px\" \/><figcaption class=\"wp-element-caption\">Film <strong>M\u00fcetter<\/strong><br>Regie und Drehbuch: Dominique Lienhard<\/figcaption><\/figure>\n<\/div>\n\n\n\n<div class=\"wp-block-column is-layout-flow wp-block-column-is-layout-flow\" style=\"flex-basis:70%\">\n<h2 class=\"wp-block-heading\" id=\"film_muetter\">M\u00dcETTER<\/h2>\n\n\n\n<p>St\u00e9phane (30) ist ein brillanter Biochemiker mit gl\u00e4nzenden Zukunftsaussichten. Als er ans Sterbebett seiner Gro\u00dfmutter gerufen wird, f\u00e4hrt er eher aus Pflichtgef\u00fchl als aus Liebe in sein Heimatdorf im Elsass. W\u00e4hrend St\u00e9phane durch die St\u00e4tten seiner Kindheit streift, kehren Erinnerungen zur\u00fcck, die ihn zu einem \u00fcberraschenden Entschluss bringen\u2026<\/p>\n\n\n\n<p>\u201eDer Film erz\u00e4hlt von einem Gef\u00fchl, einer Art Schuldgef\u00fchl, alle diese Leute (die in seiner Kindheit eine wichtige Rolle spielten), vergessen zu haben. Allm\u00e4hlich aber kommt noch ein anderes Gef\u00fchl auf: Diese Welt hat unsere Abwesenheit ganz gut ertragen.\u201c Dominique Lienhard<\/p>\n\n\n\n<p><strong>Darsteller: <\/strong>Stanislas Merhar, Sophie Quinton, Aur\u00e9lien Recoing, Agathe de La Boulaye, Andr\u00e9e Meyer-Benjamin<\/p>\n<\/div>\n<\/div>\n\n\n\n<ul class=\"wp-block-list\">\n<li>Spielfilm &#8211; 93 Minuten, Frankreich<\/li>\n\n\n\n<li>Regie und Drehbuch: Dominique Lienhard<\/li>\n\n\n\n<li>Kamera: Nicolas Loir <a rel=\"noreferrer noopener\" href=\"http:\/\/www.nicolasloir.com\/FEATURES.html\" target=\"_blank\">www.nicolasloir.com<\/a><\/li>\n\n\n\n<li>Produzent: Pierre-Fran\u00e7ois Bernet<\/li>\n\n\n\n<li>Produktion: Butterfly Productions <a rel=\"noreferrer noopener\" href=\"http:\/\/www.butterfly-productions.com\" target=\"_blank\">www.butterfly-productions.com<\/a><\/li>\n\n\n\n<li>Verleih : EUROZOOM <a rel=\"noreferrer noopener\" href=\"http:\/\/www.eurozoom.fr\/site\/index.php?2006\/01\/30\/16-mue\" target=\"_blank\">www.eurozoom.fr<\/a><\/li>\n<\/ul>\n\n\n\n<p><strong>Gef\u00f6rdert<\/strong> von der &#8222;Communaut\u00e9 Urbaine de Strasbourg (CUS)&#8220;, der &#8222;R\u00e9gion Alsace&#8220;, &#8222;Cin\u00e9cin\u00e9ma&#8220; sowie dem &#8222;Centre National de la Cin\u00e9matographie (CNC)&#8220;<\/p>\n\n\n\n<p><\/p>\n\n\n\n<p><strong>Preis :<\/strong> Ehrenpreis in Filmfest sowie Preis f\u00fcr den besten Darsteller f\u00fcr Stanislas Merhar in Funchal (Madeira \/ Portugal \u2013 November 2006)<\/p>\n\n\n\n<h3 class=\"wp-block-heading\">Festivals<\/h3>\n\n\n\n<p>Filmfestival in FRANKREICH : \u00ab Festival du Film de la R\u00e9union \u00bb, Dezember 2005<\/p>\n\n\n\n<p>Filmfestival in AUSLAND:<\/p>\n\n\n\n<ul class=\"wp-block-list\">\n<li>Erevan (Armenien ; Juli 2006)<\/li>\n\n\n\n<li>M\u00fcnchen (Deutschland ; Juli 2006)<\/li>\n\n\n\n<li>Chichester (UK ; August 2006)<\/li>\n\n\n\n<li>\u00ab Festival des Films de Monde \u00bb Montr\u00e9al (Kanada ; September 2006)<\/li>\n\n\n\n<li>Kopenhagen (D\u00e4nemark ; Oktober 2006)<\/li>\n\n\n\n<li>\u201eLatin Film Festival \u201e Toronto (Kanada ; Oktober 2006)<\/li>\n\n\n\n<li>Funchal (Madeira \/Portugal ; November 2006)<\/li>\n\n\n\n<li>Soleure (Schweiz ; Januar 2007)<\/li>\n\n\n\n<li>Saarbr\u00fccken (Deutschland ; Januar 2007)<\/li>\n\n\n\n<li>Rom (Italien; Oktober 2007)<\/li>\n<\/ul>\n\n\n\n<h3 class=\"wp-block-heading\">Verkauf<\/h3>\n\n\n\n<p>TV FRANCE : CANAL + (Februar- April 2007) \/ CINECINEMA (M\u00e4rz &#8211; April 2008)<\/p>\n\n\n\n<p>DVD: CHRYSALIS FILMS (Januar 2008)<\/p>\n\n\n\n<h3 class=\"wp-block-heading\">Trailer<\/h3>\n\n\n\n<figure class=\"wp-block-embed is-type-video is-provider-youtube wp-block-embed-youtube wp-embed-aspect-4-3 wp-has-aspect-ratio\"><div class=\"wp-block-embed__wrapper\">\n<iframe loading=\"lazy\" title=\"M\u00fcetter Trailer\" width=\"1200\" height=\"900\" src=\"https:\/\/www.youtube.com\/embed\/1JfH0UZfLac?feature=oembed\" frameborder=\"0\" allow=\"accelerometer; autoplay; clipboard-write; encrypted-media; gyroscope; picture-in-picture; web-share\" referrerpolicy=\"strict-origin-when-cross-origin\" allowfullscreen><\/iframe>\n<\/div><\/figure>\n\n\n\n<hr class=\"wp-block-separator has-alpha-channel-opacity\" id=\"lepetit\"\/>\n\n\n\n<div style=\"height:1em\" aria-hidden=\"true\" class=\"wp-block-spacer\"><\/div>\n\n\n\n<div class=\"wp-block-columns wp-embed-aspect-4-3 wp-has-aspect-ratio is-layout-flex wp-container-core-columns-is-layout-9d6595d7 wp-block-columns-is-layout-flex\">\n<div class=\"wp-block-column is-layout-flow wp-block-column-is-layout-flow\" style=\"flex-basis:30%\">\n<figure class=\"wp-block-image size-full\"><img decoding=\"async\" width=\"200\" height=\"276\" src=\"https:\/\/lienhard-films.com\/wp-content\/uploads\/2023\/07\/bild_web_1.jpg\" alt=\"Film Le petit d\u00e8jeuner\" class=\"wp-image-267\"\/><figcaption class=\"wp-element-caption\">Kurzfilm Le petit d\u00e9jeuner<br>Drehbuch und Regie: Dominique Lienhard<\/figcaption><\/figure>\n<\/div>\n\n\n\n<div class=\"wp-block-column is-layout-flow wp-block-column-is-layout-flow\" style=\"flex-basis:70%\">\n<h2 class=\"wp-block-heading\">Le Petit D\u00e9jeuner<\/h2>\n\n\n\n<p>Marie m\u00f6chte ein Fr\u00fchst\u00fcck f\u00fcr ihren Geliebter vorbereiten\u2026 Ein unvergessliches Fr\u00fchst\u00fcck. Sie gibt sich M\u00fche. Sie m\u00f6chte, das alles perfekt ist.<\/p>\n\n\n\n<p>Darstellerin: C\u00e9line Milliat-Baumgartner<\/p>\n<\/div>\n<\/div>\n\n\n\n<p><\/p>\n\n\n\n<ul class=\"wp-block-list\">\n<li>Kurzfilm \u2013 10 min &#8211; 2001<\/li>\n\n\n\n<li>Drehbuch und Regie: Dominique Lienhard<\/li>\n\n\n\n<li>Produzent: Pierre-Fran\u00e7ois Bernet<\/li>\n\n\n\n<li>Produktionsfirma: Butterfly Productions <a href=\"http:\/\/www.butterfly-productions.com\" target=\"_blank\" rel=\"noreferrer noopener\">www.butterfly-productions.com<\/a><\/li>\n<\/ul>\n\n\n\n<p>Gef\u00f6rdert von der \u00ab Communaut\u00e9 Urbaine de Strasbourg (CUS) \u00bb.<\/p>\n\n\n\n<p><strong>Preis:<\/strong> \u00ab Best Drama \u00bb 11th Chichester Film Festival \/ Short films Competition- UK (Sept. 2002)<\/p>\n\n\n\n<h3 class=\"wp-block-heading\">Festivals<\/h3>\n\n\n\n<p>Filmfestival in FRANKREICH:<\/p>\n\n\n\n<ul class=\"wp-block-list\">\n<li>\u00ab Forum du cin\u00e9ma europ\u00e9en \u00bb, Strasbourg (November 2001)<\/li>\n\n\n\n<li>\u00ab FIPA \u00bb, Biarritz (Januar 2002)<\/li>\n\n\n\n<li>\u00ab Festival Court Toujours \u00bb Bron (April 2002)<\/li>\n\n\n\n<li>\u00ab Mamers en Mars \u00bb (M\u00e4rz 2002)<\/li>\n\n\n\n<li>\u00ab Stras\u2019courts- le court-m\u00e9trage en Alsace \u00bb Strasbourg (Mai 2002)<\/li>\n\n\n\n<li>\u00ab Filmer en Alsace \u00bb Strasbourg (Oktober 2002)<\/li>\n\n\n\n<li>\u00ab Films courts de Lille \u00bb Lille (M\u00e4rz 2003)<\/li>\n<\/ul>\n\n\n\n<p>Filmfestival im AUSLAND:<\/p>\n\n\n\n<ul class=\"wp-block-list\">\n<li>\u00ab Mediterranen Festival of New films \u00bb Larissa \u2013 Griechenland (April 2002)<\/li>\n\n\n\n<li>\u00ab Message to Man \u00bb Sankt-Petersburg &#8211; Russland (Juni 2002)<\/li>\n\n\n\n<li>\u00ab XIII\u00e8me Festival Saar-lor-lux \u00bb Sarrebr\u00fccke \u2013 Deutschland (Juni 2002)<\/li>\n\n\n\n<li>\u00ab Taormina Film Festival \u00bb Taormina \u2013 Italien (July 2002)<\/li>\n\n\n\n<li>\u00ab 11th Chichester Film Festival \u00bb Chichester \u2013 UK (September 2002)<\/li>\n\n\n\n<li>\u00ab Internationales Kurzfilmfestival \u00bb M\u00fcnchen \u2013 Deutschland (Oktober 2002)<\/li>\n\n\n\n<li>\u00ab GRONINGUE Filmfestival \u00bb, Niederlande (November 2002)<\/li>\n\n\n\n<li>\u00ab FIKE 2002 \u00bb Evora \u2013 Portugal (November 2002)<\/li>\n\n\n\n<li>\u00ab Rome Independent Film Festival \u00bb Italien (Februar 2003)<\/li>\n\n\n\n<li>\u00ab AgrigentoCortoFest 2003 \u00bb Italien (November 2003)<\/li>\n<\/ul>\n\n\n\n<h3 class=\"wp-block-heading wp-embed-aspect-4-3 wp-has-aspect-ratio\">Film anschauen<\/h3>\n\n\n\n<figure class=\"wp-block-embed is-type-video is-provider-youtube wp-block-embed-youtube wp-embed-aspect-4-3 wp-has-aspect-ratio\"><div class=\"wp-block-embed__wrapper\">\n<iframe loading=\"lazy\" title=\"Le petit dejeuner\" width=\"1200\" height=\"900\" src=\"https:\/\/www.youtube.com\/embed\/lvLLpw6t5xk?feature=oembed\" frameborder=\"0\" allow=\"accelerometer; autoplay; clipboard-write; encrypted-media; gyroscope; picture-in-picture; web-share\" referrerpolicy=\"strict-origin-when-cross-origin\" allowfullscreen><\/iframe>\n<\/div><\/figure>\n\n\n\n<hr class=\"wp-block-separator has-alpha-channel-opacity\" id=\"teneriffa\"\/>\n\n\n\n<h2 class=\"wp-block-heading\">TENERIFFA<\/h2>\n\n\n\n<p>Ein deutscher Familienvater geht nach Warschau, um in dortigen Archiven Beweismaterial zu vernichten.<\/p>\n\n\n\n<ul class=\"wp-block-list\">\n<li>Drehbuch f\u00fcr einen Kurzfilm, 2002.<\/li>\n\n\n\n<li>Drehbuch: Dominique Lienhard<\/li>\n\n\n\n<li>Regie: Saara Saarela (Finnland)<\/li>\n\n\n\n<li>Dieser Kurzfilm ist Bestandteil des Fernsehfilms \u00ab Die Europ\u00e4er \u00bb, 2002-2005.<\/li>\n\n\n\n<li>\u00ab Die Europ\u00e4er \u00bb besteht aus 5 Kurzfilmen, die alle von Regisseuren aus verschiedenen L\u00e4ndern Europas gedreht geworden sind.<\/li>\n\n\n\n<li>Der Fernsehnfilm wurde in November 2006 auf ARTE ausgestrahlt.<\/li>\n<\/ul>\n","protected":false},"excerpt":{"rendered":"<p>FIRES IN THE DARK Nach einen Roman von Akira Yoshimura Ein abgelegenes Dorf zwischen Meer und Bergen. Die Einwohner versuchen, mit aller Kraft und allen Mitteln zu \u00fcberleben. Alan ist ein 15-j\u00e4hriger Junge. Sein Vater hat die Familie gerade f\u00fcr zwei Jahre verlassen, um Geld zu verdienen. Daher ist Alan von nun an f\u00fcr das &#8230; <a title=\"Filme\" class=\"read-more\" href=\"https:\/\/lienhard-films.com\/de\/filme\/\" aria-label=\"Mehr Informationen \u00fcber Filme\">Weiterlesen &#8230;<\/a><\/p>\n","protected":false},"author":1,"featured_media":0,"parent":0,"menu_order":0,"comment_status":"closed","ping_status":"closed","template":"","meta":{"pgc_sgb_lightbox_settings":"","footnotes":""},"class_list":["post-954","page","type-page","status-publish"],"_links":{"self":[{"href":"https:\/\/lienhard-films.com\/de\/wp-json\/wp\/v2\/pages\/954","targetHints":{"allow":["GET"]}}],"collection":[{"href":"https:\/\/lienhard-films.com\/de\/wp-json\/wp\/v2\/pages"}],"about":[{"href":"https:\/\/lienhard-films.com\/de\/wp-json\/wp\/v2\/types\/page"}],"author":[{"embeddable":true,"href":"https:\/\/lienhard-films.com\/de\/wp-json\/wp\/v2\/users\/1"}],"replies":[{"embeddable":true,"href":"https:\/\/lienhard-films.com\/de\/wp-json\/wp\/v2\/comments?post=954"}],"version-history":[{"count":1,"href":"https:\/\/lienhard-films.com\/de\/wp-json\/wp\/v2\/pages\/954\/revisions"}],"predecessor-version":[{"id":955,"href":"https:\/\/lienhard-films.com\/de\/wp-json\/wp\/v2\/pages\/954\/revisions\/955"}],"wp:attachment":[{"href":"https:\/\/lienhard-films.com\/de\/wp-json\/wp\/v2\/media?parent=954"}],"curies":[{"name":"wp","href":"https:\/\/api.w.org\/{rel}","templated":true}]}}