{"id":8,"date":"2023-06-16T13:58:56","date_gmt":"2023-06-16T13:58:56","guid":{"rendered":"http:\/\/2023.lienhard-films.com\/?page_id=8"},"modified":"2023-09-22T13:46:39","modified_gmt":"2023-09-22T13:46:39","slug":"impressum","status":"publish","type":"page","link":"https:\/\/lienhard-films.com\/de\/impressum\/","title":{"rendered":"Impressum"},"content":{"rendered":"\n<p>Verantwortlich f\u00fcr den Inhalt:<\/p>\n\n\n\n<h3 class=\"wp-block-heading\">Dominique Lienhard<\/h3>\n\n\n\n<p>r\u00e9alisateur &amp; sc\u00e9nariste<br>Wilbrechtstrasse&nbsp;38<br>81477 M\u00fcnchen | Germany<\/p>\n\n\n\n<p>mobil: +49 (0) 177 72 91 104<\/p>\n\n\n\n<p>dominique.lienhard@googlemail.com<\/p>\n\n\n\n<h2 class=\"wp-block-heading\">fotos<\/h2>\n\n\n\n<p>Film &#8222;Des feux de la nuit&#8220;  \u00a9 <a href=\"http:\/\/www.offshore.fr\/\" data-type=\"link\" data-id=\"http:\/\/www.offshore.fr\/\" target=\"_blank\" rel=\"noreferrer noopener\">Offshore<\/a><\/p>\n\n\n\n<p>Portrait Dominique Lienhard: \u00a9 <a rel=\"noreferrer noopener\" href=\"https:\/\/www.fsff.de\/home\/cm\/fff-current-n-archiv\/tagebuch\/208\/view\/index.html?contentListID=15311\" data-type=\"link\" data-id=\"https:\/\/www.fsff.de\/home\/cm\/fff-current-n-archiv\/tagebuch\/208\/view\/index.html?contentListID=15311\" target=\"_blank\">Pavel Broz<\/a><\/p>\n\n\n\n<p>Alle anderen: \u00a9 Dominique Lienhard<\/p>\n\n\n\n<h3 class=\"wp-block-heading\">Design<\/h3>\n\n\n\n<p>Designb\u00fcro Bitterlich <a href=\"http:\/\/www.designbuerobitterlich.com\" target=\"_blank\" rel=\"noreferrer noopener\">www.designbuerobitterlich.com<\/a><\/p>\n\n\n\n<h3 class=\"wp-block-heading\">Programmierung<\/h3>\n\n\n\n<p>Tine Sprandel <a rel=\"noreferrer noopener\" href=\"http:\/\/www.storykom.de\/\" target=\"_blank\">storykom.de<\/a><\/p>\n\n\n\n<h3 class=\"wp-block-heading\">Haftungsausschluss:<\/h3>\n\n\n\n<p>Diese Website enth\u00e4lt Verweise auf Websites, die von Dritten eingerichtet wurden. Wir haben keinerlei Kontrolle \u00fcber die Websites und die dort angebotenen Informationen, Waren oder Dienstleistungen. Wir \u00fcbernehmen daher keinerlei Verantwortung, aus welchem Rechtsgrund auch immer, f\u00fcr den Inhalt der Websites Dritter.<\/p>\n\n\n\n<h3 class=\"wp-block-heading\">Copyright<\/h3>\n\n\n\n<p>Markennamen und Warenzeichen werden nicht besonders gekennzeichnet. Daraus kann nicht auf die freie Verwendbarkeit geschlossen werden. Alle Markennamen sind Eigentum der jeweiligen Firmen \/ Personen.<\/p>\n\n\n\n<p><strong>Plattform der EU-Kommission zur Online-Streitbeilegung:<\/strong> https:\/\/ec.europa.eu\/consumers\/odr. Wir sind zur Teilnahme an einem Streitbeilegungsverfahren vor einer Verbraucherschlichtungsstelle weder verpflichtet noch bereit.<\/p>\n","protected":false},"excerpt":{"rendered":"<p>Verantwortlich f\u00fcr den Inhalt: Dominique Lienhard r\u00e9alisateur &amp; sc\u00e9naristeWilbrechtstrasse&nbsp;3881477 M\u00fcnchen | Germany mobil: +49 (0) 177 72 91 104 dominique.lienhard@googlemail.com fotos Film &#8222;Des feux de la nuit&#8220; \u00a9 Offshore Portrait Dominique Lienhard: \u00a9 Pavel Broz Alle anderen: \u00a9 Dominique Lienhard Design Designb\u00fcro Bitterlich www.designbuerobitterlich.com Programmierung Tine Sprandel storykom.de Haftungsausschluss: Diese Website enth\u00e4lt Verweise auf Websites, &#8230; <a title=\"Impressum\" class=\"read-more\" href=\"https:\/\/lienhard-films.com\/de\/impressum\/\" aria-label=\"Mehr Informationen \u00fcber Impressum\">Weiterlesen &#8230;<\/a><\/p>\n","protected":false},"author":1,"featured_media":0,"parent":0,"menu_order":0,"comment_status":"closed","ping_status":"closed","template":"","meta":{"pgc_sgb_lightbox_settings":"","footnotes":""},"class_list":["post-8","page","type-page","status-publish"],"_links":{"self":[{"href":"https:\/\/lienhard-films.com\/de\/wp-json\/wp\/v2\/pages\/8","targetHints":{"allow":["GET"]}}],"collection":[{"href":"https:\/\/lienhard-films.com\/de\/wp-json\/wp\/v2\/pages"}],"about":[{"href":"https:\/\/lienhard-films.com\/de\/wp-json\/wp\/v2\/types\/page"}],"author":[{"embeddable":true,"href":"https:\/\/lienhard-films.com\/de\/wp-json\/wp\/v2\/users\/1"}],"replies":[{"embeddable":true,"href":"https:\/\/lienhard-films.com\/de\/wp-json\/wp\/v2\/comments?post=8"}],"version-history":[{"count":8,"href":"https:\/\/lienhard-films.com\/de\/wp-json\/wp\/v2\/pages\/8\/revisions"}],"predecessor-version":[{"id":751,"href":"https:\/\/lienhard-films.com\/de\/wp-json\/wp\/v2\/pages\/8\/revisions\/751"}],"wp:attachment":[{"href":"https:\/\/lienhard-films.com\/de\/wp-json\/wp\/v2\/media?parent=8"}],"curies":[{"name":"wp","href":"https:\/\/api.w.org\/{rel}","templated":true}]}}